{"id":378422,"date":"2023-12-08T12:43:22","date_gmt":"2023-12-08T11:43:22","guid":{"rendered":"https:\/\/kvernelandenergi.no\/corporate-social-responsibility\/"},"modified":"2025-09-24T14:11:46","modified_gmt":"2025-09-24T12:11:46","slug":"social-responsibility","status":"publish","type":"page","link":"https:\/\/kvernelandenergi.no\/en\/social-responsibility\/","title":{"rendered":"Social responsibility"},"content":{"rendered":"<p>[et_pb_section fb_built=&#8221;1&#8243; _builder_version=&#8221;4.27.4&#8243; _module_preset=&#8221;8bdff294-2576-4e32-83a4-cf0cd407d4aa&#8221; background_image=&#8221;https:\/\/kvernelandenergi.no\/wp-content\/uploads\/2500-Kverneland-Energi-_PNL4620.jpg&#8221; global_colors_info=&#8221;{}&#8221;][et_pb_row _builder_version=&#8221;4.23.1&#8243; _module_preset=&#8221;2d0c526e-bd7a-4599-b5a6-43b0ac398f2a&#8221; global_colors_info=&#8221;{}&#8221;][et_pb_column type=&#8221;4_4&#8243; _builder_version=&#8221;4.21.0&#8243; _module_preset=&#8221;default&#8221; global_colors_info=&#8221;{}&#8221;][et_pb_text _builder_version=&#8221;4.23.3&#8243; _module_preset=&#8221;ad508cc4-1fb0-4b18-bc10-c96ef5aab779&#8243; global_colors_info=&#8221;{}&#8221;]<\/p>\n<p><a href=\"https:\/\/kvernelandenergi.no\/en\/about-us\/\">Kverneland Energi<\/a> \/ <strong>Corporate social responsibility<\/strong><\/p>\n<p>[\/et_pb_text][et_pb_text content_tablet=&#8221;<\/p>\n<h1>Social responsibility and local engagement<\/h1>\n<p>&#8221; content_phone=&#8221;<\/p>\n<h1>Social responsibility and local engagement<\/h1>\n<p>&#8221; content_last_edited=&#8221;on|phone&#8221; _builder_version=&#8221;4.27.4&#8243; _module_preset=&#8221;4fa21ccd-d91c-4b65-8118-fb0036758eef&#8221; global_colors_info=&#8221;{}&#8221;]<\/p>\n<h1>Social responsibility and local engagement<\/h1>\n<p>[\/et_pb_text][\/et_pb_column][\/et_pb_row][\/et_pb_section][et_pb_section fb_built=&#8221;1&#8243; _builder_version=&#8221;4.23.1&#8243; _module_preset=&#8221;_initial&#8221; background_color=&#8221;#315869&#8243; background_enable_image=&#8221;off&#8221; background_size=&#8221;custom&#8221; background_image_width=&#8221;25%&#8221; background_image_height=&#8221;60%&#8221; background_position=&#8221;top_right&#8221; background_horizontal_offset=&#8221;0%&#8221; background_vertical_offset=&#8221;-75%&#8221; background_blend=&#8221;luminosity&#8221; global_colors_info=&#8221;{}&#8221;][et_pb_row _builder_version=&#8221;4.23.1&#8243; _module_preset=&#8221;default&#8221; global_colors_info=&#8221;{}&#8221;][et_pb_column type=&#8221;4_4&#8243; _builder_version=&#8221;4.23.1&#8243; _module_preset=&#8221;default&#8221; global_colors_info=&#8221;{}&#8221;][et_pb_text _builder_version=&#8221;4.27.4&#8243; _module_preset=&#8221;_initial&#8221; header_2_text_color=&#8221;#FFCC00&#8243; max_width=&#8221;1100px&#8221; global_colors_info=&#8221;{}&#8221;]<\/p>\n<h2>We are fans of local engagement!<\/h2>\n<p>[\/et_pb_text][et_pb_text _builder_version=&#8221;4.24.2&#8243; _module_preset=&#8221;default&#8221; text_text_color=&#8221;#FFFFFF&#8221; text_font_size=&#8221;20px&#8221; text_line_height=&#8221;30px&#8221; max_width=&#8221;1000px&#8221; custom_padding=&#8221;||20px||false|false&#8221; global_colors_info=&#8221;{}&#8221;]<\/p>\n<p>Kverneland Energi is located in Klepp, is locally owned, and has employees from all over J\u00e6ren. We value this close connection to our local community. That&#8217;s why it&#8217;s important for us to give something back to the local community.  <\/p>\n<p>Enthusiasm and commitment are important values, both internally and in relation to our customers. We are proud to be an active participant in the local business community and we believe in the importance of building strong ties with the community around us. That&#8217;s why we support both local businesses and voluntary organizations.  <\/p>\n<p>[\/et_pb_text][et_pb_button button_text=&#8221;Read more&#8221; _builder_version=&#8221;4.23.1&#8243; _module_preset=&#8221;default&#8221; global_colors_info=&#8221;{}&#8221;][\/et_pb_button][\/et_pb_column][\/et_pb_row][\/et_pb_section][et_pb_section fb_built=&#8221;1&#8243; _builder_version=&#8221;4.24.2&#8243; _module_preset=&#8221;_initial&#8221; background_color=&#8221;gcid-f08207dc-81fe-483d-8b83-802e8b3f5960&#8243; global_colors_info=&#8221;{%22gcid-f08207dc-81fe-483d-8b83-802e8b3f5960%22:%91%22background_color%22%93}&#8221;][et_pb_row _builder_version=&#8221;4.23.1&#8243; _module_preset=&#8221;_initial&#8221; global_colors_info=&#8221;{}&#8221;][et_pb_column type=&#8221;4_4&#8243; _builder_version=&#8221;4.23.1&#8243; _module_preset=&#8221;default&#8221; global_colors_info=&#8221;{}&#8221;][et_pb_text _builder_version=&#8221;4.23.1&#8243; _module_preset=&#8221;_initial&#8221; width=&#8221;1100px&#8221; global_colors_info=&#8221;{}&#8221;]<\/p>\n<h2>Sponsorships<\/h2>\n<p>[\/et_pb_text][et_pb_text _builder_version=&#8221;4.23.1&#8243; _module_preset=&#8221;default&#8221; max_width=&#8221;1100px&#8221; global_colors_info=&#8221;{}&#8221;]<\/p>\n<p>Kverneland Energi are committed supporters of:<\/p>\n<p>[\/et_pb_text][\/et_pb_column][\/et_pb_row][et_pb_row column_structure=&#8221;1_4,1_4,1_4,1_4&#8243; make_equal=&#8221;on&#8221; _builder_version=&#8221;4.24.2&#8243; _module_preset=&#8221;default&#8221; global_colors_info=&#8221;{}&#8221;][et_pb_column type=&#8221;1_4&#8243; _builder_version=&#8221;4.24.2&#8243; _module_preset=&#8221;default&#8221; background_color=&#8221;#FFFFFF&#8221; custom_padding=&#8221;20px|20px|20px|20px|false|false&#8221; border_radii=&#8221;on|10px|10px|10px|10px&#8221; global_colors_info=&#8221;{}&#8221;][et_pb_blurb title=&#8221;Bryne FK&#8221; image=&#8221;https:\/\/kvernelandenergi.no\/wp-content\/uploads\/brynefk_300.png&#8221; _builder_version=&#8221;4.27.0&#8243; _module_preset=&#8221;default&#8221; header_text_align=&#8221;center&#8221; custom_margin=&#8221;||||false|false&#8221; custom_padding=&#8221;||||false|false&#8221; animation=&#8221;off&#8221; link_option_url=&#8221;https:\/\/www.brynefk.no\/&#8221; link_option_url_new_window=&#8221;on&#8221; custom_css_blurb_image=&#8221;max-width: 200px;&#8221; global_colors_info=&#8221;{}&#8221;][\/et_pb_blurb][\/et_pb_column][et_pb_column type=&#8221;1_4&#8243; _builder_version=&#8221;4.24.2&#8243; _module_preset=&#8221;default&#8221; background_color=&#8221;#FFFFFF&#8221; custom_padding=&#8221;20px|20px|20px|20px|false|false&#8221; border_radii=&#8221;on|10px|10px|10px|10px&#8221; global_colors_info=&#8221;{}&#8221;][et_pb_blurb title=&#8221;Varhaug IL&#8221; url=&#8221;https:\/\/www.vil.no\/&#8221; image=&#8221;https:\/\/kvernelandenergi.no\/wp-content\/uploads\/varhaugil_300.png&#8221; _builder_version=&#8221;4.27.0&#8243; _module_preset=&#8221;default&#8221; header_text_align=&#8221;center&#8221; animation=&#8221;off&#8221; link_option_url_new_window=&#8221;on&#8221; custom_css_blurb_image=&#8221;max-width: 200px;&#8221; global_colors_info=&#8221;{}&#8221;][\/et_pb_blurb][\/et_pb_column][et_pb_column type=&#8221;1_4&#8243; _builder_version=&#8221;4.24.2&#8243; _module_preset=&#8221;default&#8221; background_color=&#8221;#FFFFFF&#8221; custom_padding=&#8221;20px|20px|20px|20px|false|false&#8221; border_radii=&#8221;on|10px|10px|10px|10px&#8221; global_colors_info=&#8221;{}&#8221;][et_pb_blurb title=&#8221;Oilers&#8221; image=&#8221;https:\/\/kvernelandenergi.no\/wp-content\/uploads\/oilers_300.png&#8221; _builder_version=&#8221;4.27.0&#8243; _module_preset=&#8221;default&#8221; header_text_align=&#8221;center&#8221; animation=&#8221;off&#8221; link_option_url=&#8221;https:\/\/www.oilers.no\/&#8221; link_option_url_new_window=&#8221;on&#8221; custom_css_blurb_image=&#8221;max-width: 200px;&#8221; global_colors_info=&#8221;{}&#8221;][\/et_pb_blurb][\/et_pb_column][et_pb_column type=&#8221;1_4&#8243; _builder_version=&#8221;4.24.2&#8243; _module_preset=&#8221;default&#8221; background_color=&#8221;#FFFFFF&#8221; custom_padding=&#8221;20px|20px|20px|20px|false|false&#8221; border_radii=&#8221;on|10px|10px|10px|10px&#8221; global_colors_info=&#8221;{}&#8221;][et_pb_blurb title=&#8221;Fr\u00f8yland IL&#8221; image=&#8221;https:\/\/kvernelandenergi.no\/wp-content\/uploads\/froyland_il_300.jpg&#8221; _builder_version=&#8221;4.27.0&#8243; _module_preset=&#8221;default&#8221; header_text_align=&#8221;center&#8221; animation=&#8221;off&#8221; link_option_url=&#8221;https:\/\/froylandil.no\/&#8221; link_option_url_new_window=&#8221;on&#8221; custom_css_blurb_image=&#8221;max-width: 200px;&#8221; global_colors_info=&#8221;{}&#8221;][\/et_pb_blurb][\/et_pb_column][\/et_pb_row][et_pb_row column_structure=&#8221;1_4,1_4,1_4,1_4&#8243; make_equal=&#8221;on&#8221; _builder_version=&#8221;4.24.2&#8243; _module_preset=&#8221;default&#8221; global_colors_info=&#8221;{}&#8221;][et_pb_column type=&#8221;1_4&#8243; _builder_version=&#8221;4.24.2&#8243; _module_preset=&#8221;default&#8221; background_color=&#8221;#FFFFFF&#8221; custom_padding=&#8221;20px|20px|20px|20px|false|false&#8221; border_radii=&#8221;on|10px|10px|10px|10px&#8221; global_colors_info=&#8221;{}&#8221;][et_pb_blurb title=&#8221;Klepp IL&#8221; image=&#8221;https:\/\/kvernelandenergi.no\/wp-content\/uploads\/kleppil_300.png&#8221; _builder_version=&#8221;4.27.0&#8243; _module_preset=&#8221;default&#8221; header_text_align=&#8221;center&#8221; custom_margin=&#8221;||||false|false&#8221; custom_padding=&#8221;||||false|false&#8221; animation=&#8221;off&#8221; link_option_url=&#8221;https:\/\/kleppil.no\/&#8221; link_option_url_new_window=&#8221;on&#8221; custom_css_blurb_image=&#8221;max-width: 200px;&#8221; global_colors_info=&#8221;{}&#8221;][\/et_pb_blurb][\/et_pb_column][et_pb_column type=&#8221;1_4&#8243; _builder_version=&#8221;4.24.2&#8243; _module_preset=&#8221;default&#8221; background_color=&#8221;#FFFFFF&#8221; custom_padding=&#8221;20px|20px|20px|20px|false|false&#8221; border_radii=&#8221;on|10px|10px|10px|10px&#8221; global_colors_info=&#8221;{}&#8221;][et_pb_blurb title=&#8221;Undheim IL&#8221; image=&#8221;https:\/\/kvernelandenergi.no\/wp-content\/uploads\/undheimil_300.png&#8221; _builder_version=&#8221;4.27.0&#8243; _module_preset=&#8221;default&#8221; header_text_align=&#8221;center&#8221; animation=&#8221;off&#8221; link_option_url=&#8221;https:\/\/www.fotball.no\/fotballdata\/klubb\/hjem\/?fiksId=729&#8243; link_option_url_new_window=&#8221;on&#8221; custom_css_blurb_image=&#8221;max-width: 200px;&#8221; global_colors_info=&#8221;{}&#8221;][\/et_pb_blurb][\/et_pb_column][et_pb_column type=&#8221;1_4&#8243; _builder_version=&#8221;4.24.2&#8243; _module_preset=&#8221;default&#8221; background_color=&#8221;#FFFFFF&#8221; custom_padding=&#8221;20px|20px|20px|20px|false|false&#8221; border_radii=&#8221;on|10px|10px|10px|10px&#8221; global_colors_info=&#8221;{}&#8221;][et_pb_blurb title=&#8221;Brusand IL&#8221; image=&#8221;https:\/\/kvernelandenergi.no\/wp-content\/uploads\/brusandil_300.png&#8221; _builder_version=&#8221;4.27.0&#8243; _module_preset=&#8221;default&#8221; header_text_align=&#8221;center&#8221; animation=&#8221;off&#8221; link_option_url=&#8221;https:\/\/www.brusandil.no\/next\/p\/56939\/hjem&#8221; link_option_url_new_window=&#8221;on&#8221; custom_css_blurb_image=&#8221;max-width: 200px;&#8221; global_colors_info=&#8221;{}&#8221;][\/et_pb_blurb][\/et_pb_column][et_pb_column type=&#8221;1_4&#8243; _builder_version=&#8221;4.24.2&#8243; _module_preset=&#8221;default&#8221; background_color=&#8221;#FFFFFF&#8221; custom_padding=&#8221;20px|20px|20px|20px|false|false&#8221; border_radii=&#8221;on|10px|10px|10px|10px&#8221; global_colors_info=&#8221;{}&#8221;][et_pb_blurb title=&#8221;J\u00e6rn\u00e5tt\u00e5&#8221; image=&#8221;https:\/\/kvernelandenergi.no\/wp-content\/uploads\/jaernatta_300.png&#8221; _builder_version=&#8221;4.27.0&#8243; _module_preset=&#8221;default&#8221; header_text_align=&#8221;center&#8221; animation=&#8221;off&#8221; link_option_url=&#8221;https:\/\/jaernatta.no\/&#8221; link_option_url_new_window=&#8221;on&#8221; custom_css_blurb_image=&#8221;max-width: 200px;&#8221; global_colors_info=&#8221;{}&#8221;][\/et_pb_blurb][\/et_pb_column][\/et_pb_row][et_pb_row column_structure=&#8221;1_4,1_4,1_4,1_4&#8243; make_equal=&#8221;on&#8221; _builder_version=&#8221;4.27.4&#8243; _module_preset=&#8221;default&#8221; hover_enabled=&#8221;0&#8243; global_colors_info=&#8221;{}&#8221; sticky_enabled=&#8221;0&#8243;][et_pb_column type=&#8221;1_4&#8243; _builder_version=&#8221;4.24.2&#8243; _module_preset=&#8221;default&#8221; background_color=&#8221;#FFFFFF&#8221; custom_padding=&#8221;20px|20px|20px|20px|false|false&#8221; border_radii=&#8221;on|10px|10px|10px|10px&#8221; global_colors_info=&#8221;{}&#8221;][et_pb_blurb title=&#8221;Gjesdal Brass Band&#8221; image=&#8221;https:\/\/kvernelandenergi.no\/wp-content\/uploads\/gjesdal_brass_band_300-1.png&#8221; _builder_version=&#8221;4.27.4&#8243; _module_preset=&#8221;default&#8221; header_text_align=&#8221;center&#8221; custom_margin=&#8221;||||false|false&#8221; custom_padding=&#8221;||||false|false&#8221; animation=&#8221;off&#8221; link_option_url=&#8221;https:\/\/kleppil.no\/&#8221; link_option_url_new_window=&#8221;on&#8221; hover_enabled=&#8221;0&#8243; custom_css_blurb_image=&#8221;max-width: 200px;&#8221; global_colors_info=&#8221;{}&#8221; title_text=&#8221;gjesdal_brass_band_300&#8243; sticky_enabled=&#8221;0&#8243; locked=&#8221;off&#8221;][\/et_pb_blurb][\/et_pb_column][et_pb_column type=&#8221;1_4&#8243; _builder_version=&#8221;4.27.4&#8243; _module_preset=&#8221;default&#8221; custom_padding=&#8221;20px|20px|20px|20px|false|false&#8221; hover_enabled=&#8221;0&#8243; border_radii=&#8221;on|10px|10px|10px|10px&#8221; global_colors_info=&#8221;{}&#8221; background_enable_color=&#8221;off&#8221; sticky_enabled=&#8221;0&#8243;][\/et_pb_column][et_pb_column type=&#8221;1_4&#8243; _builder_version=&#8221;4.24.2&#8243; _module_preset=&#8221;default&#8221; custom_padding=&#8221;20px|20px|20px|20px|false|false&#8221; border_radii=&#8221;on|10px|10px|10px|10px&#8221; global_colors_info=&#8221;{}&#8221; background_enable_color=&#8221;off&#8221;][\/et_pb_column][et_pb_column type=&#8221;1_4&#8243; _builder_version=&#8221;4.24.2&#8243; _module_preset=&#8221;default&#8221; custom_padding=&#8221;20px|20px|20px|20px|false|false&#8221; border_radii=&#8221;on|10px|10px|10px|10px&#8221; global_colors_info=&#8221;{}&#8221; background_enable_color=&#8221;off&#8221;][\/et_pb_column][\/et_pb_row][\/et_pb_section]<\/p>\n","protected":false},"excerpt":{"rendered":"<p>Kverneland Energi \/ Corporate social responsibilitySocial responsibility and local engagementWe are fans of local engagement!Kverneland Energi is located in Klepp, is locally owned, and has employees from all over J\u00e6ren. We value this close connection to our local community. That&#8217;s why it&#8217;s important for us to give something back to the local community. Enthusiasm and [&hellip;]<\/p>\n","protected":false},"author":1,"featured_media":0,"parent":0,"menu_order":0,"comment_status":"closed","ping_status":"closed","template":"","meta":{"_acf_changed":false,"_et_pb_use_builder":"on","_et_pb_old_content":"","_et_gb_content_width":"","footnotes":""},"class_list":["post-378422","page","type-page","status-publish","hentry"],"acf":[],"_links":{"self":[{"href":"https:\/\/kvernelandenergi.no\/en\/wp-json\/wp\/v2\/pages\/378422","targetHints":{"allow":["GET"]}}],"collection":[{"href":"https:\/\/kvernelandenergi.no\/en\/wp-json\/wp\/v2\/pages"}],"about":[{"href":"https:\/\/kvernelandenergi.no\/en\/wp-json\/wp\/v2\/types\/page"}],"author":[{"embeddable":true,"href":"https:\/\/kvernelandenergi.no\/en\/wp-json\/wp\/v2\/users\/1"}],"replies":[{"embeddable":true,"href":"https:\/\/kvernelandenergi.no\/en\/wp-json\/wp\/v2\/comments?post=378422"}],"version-history":[{"count":0,"href":"https:\/\/kvernelandenergi.no\/en\/wp-json\/wp\/v2\/pages\/378422\/revisions"}],"wp:attachment":[{"href":"https:\/\/kvernelandenergi.no\/en\/wp-json\/wp\/v2\/media?parent=378422"}],"curies":[{"name":"wp","href":"https:\/\/api.w.org\/{rel}","templated":true}]}}