{"id":378418,"date":"2024-03-28T14:36:42","date_gmt":"2024-03-28T13:36:42","guid":{"rendered":"https:\/\/kvernelandenergi.no\/terms-and-conditions-of-sale\/"},"modified":"2025-11-04T19:49:23","modified_gmt":"2025-11-04T18:49:23","slug":"terms-and-conditions-of-sale","status":"publish","type":"page","link":"https:\/\/kvernelandenergi.no\/en\/terms-and-conditions-of-sale\/","title":{"rendered":"Terms and conditions of sale"},"content":{"rendered":"<p>[et_pb_section fb_built=&#8221;1&#8243; admin_label=&#8221;HERO&#8221; _builder_version=&#8221;4.24.2&#8243; _module_preset=&#8221;default&#8221; background_color=&#8221;#315869&#8243; custom_margin=&#8221;-130px||||false|false&#8221; custom_padding=&#8221;30px||0px||false|false&#8221; hover_enabled=&#8221;0&#8243; global_colors_info=&#8221;{}&#8221; sticky_enabled=&#8221;0&#8243;][et_pb_row make_equal=&#8221;on&#8221; _builder_version=&#8221;4.24.2&#8243; _module_preset=&#8221;default&#8221; max_width=&#8221;80%&#8221; custom_padding=&#8221;0vh||0px||false|false&#8221; global_colors_info=&#8221;{}&#8221;][et_pb_column type=&#8221;4_4&#8243; _builder_version=&#8221;4.24.2&#8243; _module_preset=&#8221;default&#8221; custom_padding=&#8221;10vh|5%|120px||false|false&#8221; custom_padding_tablet=&#8221;||50px||false|false&#8221; custom_padding_phone=&#8221;||5vh||false|false&#8221; custom_padding_last_edited=&#8221;on|tablet&#8221; global_colors_info=&#8221;{}&#8221;][et_pb_text _builder_version=&#8221;4.24.2&#8243; _module_preset=&#8221;ad508cc4-1fb0-4b18-bc10-c96ef5aab779&#8243; text_text_color=&#8221;gcid-f08207dc-81fe-483d-8b83-802e8b3f5960&#8243; link_text_color=&#8221;gcid-f08207dc-81fe-483d-8b83-802e8b3f5960&#8243; hover_enabled=&#8221;0&#8243; global_colors_info=&#8221;{%22gcid-f08207dc-81fe-483d-8b83-802e8b3f5960%22:%91%22text_text_color%22,%22link_text_color%22%93}&#8221; sticky_enabled=&#8221;0&#8243; link_text_color__hover_enabled=&#8221;on|hover&#8221; link_text_color__hover=&#8221;#FFCC00&#8243;]<\/p>\n<p><a href=\"\/\">Kverneland Energi<\/a> \/ <strong>Terms of sale<\/strong><\/p>\n<p>[\/et_pb_text][et_pb_text content_tablet=&#8221;<\/p>\n<h1>Mobile fast charging for electric construction equipment<\/h1>\n<p>&#8221; content_phone=&#8221;<\/p>\n<h1>Mobile fast charging for electric construction machines<\/h1>\n<p>&#8221; content_last_edited=&#8221;off|desktop&#8221; _builder_version=&#8221;4.24.2&#8243; _module_preset=&#8221;4fa21ccd-d91c-4b65-8118-fb0036758eef&#8221; header_text_color=&#8221;#FFCC00&#8243; header_font_size=&#8221;3.5vw&#8221; max_width=&#8221;1200px&#8221; hover_enabled=&#8221;0&#8243; header_font_size_phone=&#8221;40px&#8221; header_line_height_tablet=&#8221;&#8221; header_line_height_phone=&#8221;1.2em&#8221; header_line_height_last_edited=&#8221;on|phone&#8221; header_text_shadow_style=&#8221;none&#8221; global_colors_info=&#8221;{}&#8221; sticky_enabled=&#8221;0&#8243;]<\/p>\n<h1>Terms and conditions of sale<\/h1>\n<p>[\/et_pb_text][et_pb_text _builder_version=&#8221;4.24.2&#8243; _module_preset=&#8221;9d980eb5-e0c8-4ce7-8463-0a991af37b4a&#8221; text_text_color=&#8221;gcid-f08207dc-81fe-483d-8b83-802e8b3f5960&#8243; animation_style=&#8221;fade&#8221; animation_delay=&#8221;200ms&#8221; hover_enabled=&#8221;0&#8243; global_colors_info=&#8221;{%22gcid-f08207dc-81fe-483d-8b83-802e8b3f5960%22:%91%22text_text_color%22%93}&#8221; sticky_enabled=&#8221;0&#8243;]<\/p>\n<p>Last updated 28.10.2021<\/p>\n<p>[\/et_pb_text][et_pb_button button_url=&#8221;https:\/\/kvernelandenergi.no\/wp-content\/uploads\/Salgs-og-leveringsbetingelser-Kverneland-Energi-AS-28.10.21.pdf&#8221; button_text=&#8221;Download PDF&#8221; _builder_version=&#8221;4.24.2&#8243; _module_preset=&#8221;default&#8221; button_text_color=&#8221;#315869&#8243; hover_enabled=&#8221;0&#8243; global_colors_info=&#8221;{}&#8221; button_bg_color__hover_enabled=&#8221;on|hover&#8221; button_bg_color__hover=&#8221;#315869&#8243; sticky_enabled=&#8221;0&#8243; url_new_window=&#8221;on&#8221;][\/et_pb_button][\/et_pb_column][\/et_pb_row][\/et_pb_section][et_pb_section fb_built=&#8221;1&#8243; _builder_version=&#8221;4.24.2&#8243; _module_preset=&#8221;_initial&#8221; background_color=&#8221;gcid-f08207dc-81fe-483d-8b83-802e8b3f5960&#8243; background_size=&#8221;custom&#8221; background_image_width=&#8221;30%&#8221; background_image_height=&#8221;75%&#8221; background_position=&#8221;top_right&#8221; background_horizontal_offset=&#8221;-14%&#8221; background_vertical_offset=&#8221;-93%&#8221; hover_enabled=&#8221;0&#8243; global_colors_info=&#8221;{%22gcid-f08207dc-81fe-483d-8b83-802e8b3f5960%22:%91%22background_color%22%93}&#8221; sticky_enabled=&#8221;0&#8243; background_enable_image=&#8221;off&#8221;][et_pb_row _builder_version=&#8221;4.24.2&#8243; _module_preset=&#8221;default&#8221;][et_pb_column _builder_version=&#8221;4.24.2&#8243; _module_preset=&#8221;default&#8221; type=&#8221;4_4&#8243;][et_pb_text _builder_version=&#8221;4.24.2&#8243; _module_preset=&#8221;default&#8221; hover_enabled=&#8221;0&#8243; sticky_enabled=&#8221;0&#8243;]<\/p>\n<h3>1. BRUKSOMR\u00c5DE FOR VILK\u00c5RENE.<\/h3>\n<p>Disse alminnelige vilk\u00e5rene gjelder ved enhver leveranse fra Kverneland Energi AS, med\u00a0mindre annet er skriftlig avtalt. Tillegg eller avvik fra disse alminnelige betingelser m\u00e5 avtales skriftlig og\u00a0medtas i avtalen.<\/p>\n<p>Vilk\u00e5rene gjelder sammen med akseptert tilbud. Kj\u00f8pet er regulert av forbrukerlovgivningen, herunder men ikke begrenset til, lover om forbrukerkj\u00f8p, angrerett, markedsf\u00f8ring, personopplysninger og kredittkj\u00f8p.<\/p>\n<p>&nbsp;<\/p>\n<h3>2. PARTENE<\/h3>\n<p>Selger er:<br \/>Kverneland Energi AS, org.nr. 918\u00a0376 607<br \/>Plogfabrikkvegen 15, 4353 Klepp Stasjon<br \/><a href=\"&#109;&#97;&#x69;&#x6c;&#116;&#111;&#x3a;&#x70;&#111;&#115;&#x74;&#x40;&#107;&#118;&#x65;&#x72;&#110;&#101;&#x6c;&#x61;&#110;&#100;&#x65;&#x6e;&#101;&#114;&#x67;&#x69;&#46;&#110;&#x6f;\">&#112;&#111;&#x73;&#x74;&#64;&#107;&#x76;&#x65;&#114;&#110;&#x65;&#x6c;&#97;&#110;&#x64;&#x65;&#110;&#101;&#x72;&#x67;&#105;&#46;&#x6e;&#x6f;<\/a>\u00a0\u2013 tlf: 51 42 70 00<\/p>\n<p>Kj\u00f8per er:<br \/>Den som er oppgitt som kj\u00f8per i bestillingen<\/p>\n<h6>Underleverand\u00f8rer<\/h6>\n<p>Kverneland Energi AS har rett til \u00e5 la hele eller deler av sine kontraktsforpliktelser \u00e5 bli utf\u00f8rt av underleverand\u00f8rer. Partenes kontrakts ansvar overfor hverandre endres ikke derved.<\/p>\n<p>&nbsp;<\/p>\n<h3>3. MARKEDSF\u00d8RING OG SOSIALE MEDIER<\/h3>\n<p>Kunden gir Kverneland Energi AS rett til \u00e5 benytte bilder fra Kundens eiendom, Solcelleanlegget og installasjonsprosessen fritt i markedsf\u00f8ringstiltak, herunder i sosiale og betalte medier.<\/p>\n<p>&nbsp;<\/p>\n<h3>4. PERSONVERN<\/h3>\n<p>Kverneland Energi AS behandler personopplysninger i samsvar med gjeldende juridiske og regulatoriske krav og i henhold til eventuelle tiltak fra offentlige myndigheter. Les mer om hvordan Kverneland Energi AS h\u00e5ndterer personvernopplysninger i v\u00e5r rutine for personvern.<\/p>\n<p>&nbsp;<\/p>\n<h3>5.\u00a0 BESTILLINGS- OG AVTALEPROSESS<\/h3>\n<p>Bestillingen er bindende n\u00e5r tilbudet fra Selger er skriftlig akseptert fra Kj\u00f8per. Tilbudet m\u00e5 leses n\u00f8ye. Feil eller mangler som Kj\u00f8per skj\u00f8nte eller m\u00e5tte forst\u00e5 var feilskrift gir ikke under noen omstendighet grunnlag for noe krav overfor Selger. Det tas forbehold om at skrive- eller trykkfeil kan forekomme, noe som kan inneb\u00e6re at vi ikke kan levere i henhold til informasjon gitt i v\u00e5r markedsf\u00f8ring eller p\u00e5 annen m\u00e5te. Kverneland Energi forbeholder seg retten til \u00e5 endre prisene for \u00e5 ta hensyn til kostnader knyttet til endring i valutakurser eller andre kostnader mellom datoen for innkj\u00f8psordren og leveringsdato. Kj\u00f8per skal betale eventuelle slike \u00f8kninger i tillegg til prisen som kommer frem av Kontrakten.<\/p>\n<p>Videre forbeholder Selger seg retten til \u00e5 kansellere din bestilling eller del av denne, dersom produktet er utsolgt eller ikke kan leveres.<\/p>\n<h6>Oppsigelse fra kundens side<\/h6>\n<p>Kunden kan avbestille installasjonen uten kostnad inntil 21 dager etter at kj\u00f8psavtalen er signert.<\/p>\n<p>Dersom kunden avbestiller installasjonen f\u00f8r avtalt starttidspunkt opp til 10 %.<\/p>\n<p>Dersom kunden avbestiller installasjonen etter avtalt starttidspunkt, skal kunden dekke utgifter for arbeid som er gjennomf\u00f8rt og som ikke kan reverseres.<\/p>\n<h6>Annullering og oppsigelse fra Kverneland Energi sin side<\/h6>\n<p>Kverneland Energi kan si opp avtalen eller avbryte leveransen uten kostnad hvis installasjonen ikke kan fullf\u00f8res p\u00e5 grunn av omstendigheter som ligger utenfor Kverneland Energi sin kontroll og som kompliserer installasjonsprosessen eller f\u00f8rer til \u00f8kte kostnader.<\/p>\n<p>&nbsp;<\/p>\n<h3>6. GENERELLE PRISFORUTSETNINGER<\/h3>\n<p>Pristilbud utarbeidet av Kverneland Energi kan ikke uten samtykke forevises, kopieres eller utleveres til utenforst\u00e5ende.<\/p>\n<p>Prisene er basert p\u00e5 at installasjonen utf\u00f8res under normale forhold hvor f\u00f8lgende forutsetninger er gjeldende:<\/p>\n<ol>\n<li>Bygningen der Solcelleanlegget skal installeres, er klar og tilgjengelig til avtalt installasjonsdato. Merk at den faktiske installasjonsdatoen kan bli senere enn dette, av grunner beskrevet nedenfor.<\/li>\n<li>Kabling fra taket til vekselretteren og\/eller sikringsskapet skal gjennomf\u00f8res etter den mest praktiske og kostnadseffektive rute, med en maksimal kabellengde p\u00e5 50 meter.<\/li>\n<li>Vekselretteren installeres og kobles til str\u00f8mnettet i den samme bygningen som solcellepanelene er montert p\u00e5, og monteres fortrinnsvis utvendig eller i samme eller tilst\u00f8tende rom som sikringsskapet.<\/li>\n<li>Skjult kabling, innend\u00f8rs eller utend\u00f8rs, er ikke inkludert i prisen.<\/li>\n<li>Bruk av optimerere er ikke inkludert i prisen, med mindre dette er spesifisert i tilbudet.<\/li>\n<li>Eksisterende kabelr\u00f8r benyttes kun hvis dette er egnet og hensiktsmessig for utstyret som brukes i prosjektet.<\/li>\n<li>Det offentlige nettet og nettet i huset er i samsvar med gjeldende myndighetskrav og har tilstrekkelig kapasitet og kvalitet til at Solcelleanlegget kan tilknyttes uten ytterligere ,lutbedringer eller tilpasninger.<\/li>\n<li>Sikringsskapet er i samsvar med gjeldende myndighetskrav og har tilstrekkelig plass.<\/li>\n<li>Hovedsikringen, det elektriske anlegget og underfordeling emr tilstrekkelig dimensjonert.<\/li>\n<li>Installasjon utf\u00f8res p\u00e5 det bygget der det elektriske ho vedinntaket er plassert. I tilfeller hvor installasjonen utf\u00f8res p\u00e5 et annet bygg, kan tilleggskostnader p\u00e5l\u00f8pe som et resultat av behov for ytterligere kabling og\/eller underfordeling.<\/li>\n<li>Taket er vanntett og i hensiktsmessig stand, og har en solid b\u00e6restruktur som er egnet for montering og festing av solcellepanelene. Hvis taket eller eiendommen er i en slik tilstand at installasjonen av Solcelleanlegget ikke kan gjennomf\u00f8res trygt uten omfattende reparasjoner eller bygningsarbeider, har Kverneland Energi rett til \u00e5 avbryte prosjektet uten \u00e5 p\u00e5dra seg erstatningsansvar, og til \u00e5 kreve Kunden for eventuelle p\u00e5l\u00f8pte utgifter.<\/li>\n<li>Taket er ikke tekket med skifer eller gress.<\/li>\n<li>Installasjoner med nedfelte solcellepaneler, om dette tilbys, prises separat, og prisen inkluderer fjerning av takstein og annet takmateriale i det aktuelle panelomr\u00e5det. Ved installasjon p\u00e5 nytt tak m\u00e5 lektene allerede v\u00e6re tilpasset og montert.<\/li>\n<li>Spesielle taktyper, slik som for eksempel takmaterialer som inneholder asbest, prises separat. Kverneland Energi forbeholder seg retten til \u00e5 avbryte og kansellere prosjekter, uten kostnader for Kverneland Energi, p\u00e5 tak med asbestholdige materialer.<\/li>\n<li>Spenningskvalitet fra netteier er innenfor normal, inkludert spenning fra solcelleanlegget.\u00a0<\/li>\n<\/ol>\n<h6>N\u00f8dvendige tillatelser<\/h6>\n<ul>\n<li>Kunden er ansvarlig for \u00e5 innhente n\u00f8dvendige tillatelser og godkjenninger fra de aktuelle myndighetene f\u00f8r Solcelleanlegget installeres. Slike godkjenninger kan inkludere byggetillatelser fra by eller kommune, samt avtale med Kundens str\u00f8mleverand\u00f8r om salg og kj\u00f8p av overskuddsstr\u00f8m.<\/li>\n<li>Kverneland Energi avtaler str\u00f8mtilkobling med den lokale netteieren.<br \/>Kverneland Energi kan bist\u00e5 Kunden med informasjon for \u00e5 hjelpe med eventuelle tillatelsesprosesser.<\/li>\n<\/ul>\n<h3>7. UNDER INSTALLASJONEN<\/h3>\n<ol>\n<li>Kunden skal s\u00f8rge for at Kverneland Energi har uhindret adgang til Kundens eiendom i forbindelse med installasjon av Solcelleanlegget.<\/li>\n<li>Kverneland Energi skal ha uhindret adgang til vann og elektrisitet i forbindelse med installasjon av Solcelleanlegget.<\/li>\n<li>Kunden skal fjerne alle flyttbare hindringer, rydde sn\u00f8 og gjennomf\u00f8re lignende tiltak som er n\u00f8dvendige for adgang til Kundens eiendom og utf\u00f8relse av installasjonen.<\/li>\n<li>Det skal ikke v\u00e6re noen hindringer som begrenser eller vanskeliggj\u00f8r tilgang til taket, som s\u00f8yleganger, vinterhager eller lignende. Forlenget montasjetid som f\u00f8lge av begrenset adgang p\u00e5 grunn av uflyttbare hindringer som ikke er opplyst om, kan faktureres kunden.<\/li>\n<li>Kostnads\u00f8kning som f\u00f8lge av begrenset tilgang til Kundens eiendom, elektrisitet eller vann, kan faktureres Kunden i sin helhet.<\/li>\n<\/ol>\n<h3>8. TILPASNINGER OG KONFIGURERING<\/h3>\n<ol>\n<li>Tilpasninger i st\u00f8rrelse (f.eks. antall panel) og konfigurasjon (f.eks. paneltype, effektoptimalisatorer, vekselretter) kan forekomme hvis spesielle omstendigheter p\u00e5 taket krever en reduksjon av omr\u00e5det solcellepanelene dekker.<\/li>\n<li>Endringer av det planlagte materialet og utstyret for installasjonen kan forekomme hvis dette er n\u00f8dvendig for \u00e5 tilrettelegge for endringer og tilpasninger av installasjonen p\u00e5 stedet. Kunden aksepterer at slike endringer ikke skal betraktes som feil eller mangelfull leveranse.<\/li>\n<li>Kverneland Energi fors\u00f8ker \u00e5 kartlegge alle n\u00f8dvendige endringer f\u00f8r Solcelleanlegget installeres, men noen ganger kan mindre endringer oppst\u00e5 i l\u00f8pet av installasjonsarbeidet, og prisen vil reduseres eller \u00f8kes tilsvarende. Kunden vil bli informert om slike endringer, og m\u00e5 godkjenne enhver prisendring som overstiger 5 %.<\/li>\n<\/ol>\n<h3>9. LEVERANSE OG DRIFTSETTELSE OG DOKUMENTASJON<\/h3>\n<ol>\n<li>Leveranse av solcelleanlegget betyr at alt utstyret er korrekt og funksjonelt installert og testet.<\/li>\n<li>Kunden er ansvarlig for \u00e5 s\u00f8rge for at str\u00f8mnettet p\u00e5 eiendommen er i drift ved leveranse.<\/li>\n<li>Idriftsettelse av solcelleanlegget, inkludert oppstart av kraftproduksjonen, skjer etter godkjenning fra lokale myndigheter, som den lokale netteieren. I enkelte tilfeller vil det ikke v\u00e6re mulig \u00e5 sette installasjonen i drift p\u00e5 tidspunktet for leveransen, p\u00e5 grunn av krav fra lokale myndigheter eller netteiere.<\/li>\n<li>Noen netteiere krever at Kundens elektrisitetsm\u00e5ler skiftes ut f\u00f8r solcelleanlegget settes i drift. Netteieren har eneansvar for denne prosessen, og Kverneland Energi AS har intet ansvar for eventuelle forsinkelser av kraftproduksjonen fra solcelleanlegget som skyldes at netteieren skifter ut elektrisitetsm\u00e5leren.<\/li>\n<li>Kverneland Energi vil hjelpe til med driftsetting av solcelleanlegget etter leveranse.<\/li>\n<li>Kverneland Energi vil gi Kunden dokumentasjon p\u00e5 solcelleanlegget. Dokumentasjon leveres elektronisk, og inkluderer produktdatablad og brukerveiledninger og samsvarsdokumentasjon.<\/li>\n<li>Kunden godtar at solcelleanlegget er komplett n\u00e5r leveranse er gjennomf\u00f8rt og dokumentasjon er overlevert.<\/li>\n<\/ol>\n<h3>10. DATA OG TILKOBLING<\/h3>\n<ol>\n<li>Tilkobling av solcelleanlegget til internett forutsetter at Kunden har tilgjengelig WiFi-dekning der vekselretteren installeres, og at WiFi-nettverkets navn og passord gj\u00f8res tilgjengelig for installat\u00f8ren i l\u00f8pet av installasjonen.<\/li>\n<li>Det er Kundens ansvar at internettilkoblingen fungerer, og at vekselretteren\/vekselretterne er konfigurert med riktig passord. Kverneland Energi er ikke ansvarlige for feils\u00f8king i forbindelse med internettforbindelse.<\/li>\n<li>Kverneland Energi vil hjelpe Kunden med \u00e5 registrere solcelleanlegget p\u00e5 vekselretterprodusentens nettportal. Innsamling, lagring og bruk av data p\u00e5 produsentens portal er underlagt vilk\u00e5r og betingelser fastsatt av den aktuelle produsenten, og er utelukkende et anliggende mellom produsenten og Kunden. Kunden gir ogs\u00e5 vekselretterprodusenten rett til \u00e5 dele data tilgjengelig p\u00e5 nettportalen med Kverneland Energi. Kunder som ikke \u00f8nsker at solcelleanlegget skal registreres p\u00e5 vekselretterprodusentens nettportal m\u00e5 gi uttrykkelig varsel om dette.<\/li>\n<li>Kverneland Energi har rett til \u00e5 samle inn, lagre og bruke produksjonsdata fra solcelleanlegget etter eget skj\u00f8nn.<\/li>\n<\/ol>\n<h3>11. SYSTEMBETINGELSER<\/h3>\n<ol>\n<li>Solcelleanlegget er balansert mellom solcellepanelenes nominelle likestr\u00f8mseffekt og vekselretterens vekselstr\u00f8meffekt.<\/li>\n<li>St\u00f8rrelsen og den oppgitte effekten til anlegget er forbundet med den nominelle likestr\u00f8mseffekten fra solcellepanelene.<\/li>\n<li>Installat\u00f8ren vil, som en del av prosjekteringen, vurdere hvilken vekselretter er den beste for prosjektet. Ettersom de fleste vekselrettere er mer effektive ved h\u00f8y utnyttelse, vil vekselretteren i mange tilfeller dimensjoneres noe lavere enn den nominelle likestr\u00f8mmen fra alle solcellepanelene samlet. Dette gj\u00f8res for \u00e5 optimere anleggets \u00e5rlige energiutvikling, og kan f\u00f8re til at topproduksjonen fra Solcelleanlegget p\u00e5 spesielt solrike dager blir noe lavere enn det som ellers ville v\u00e6rt mulig.<\/li>\n<li>St\u00f8y fra Solcelleanlegget kan forekomme som et resultat av kj\u00f8levifter og\/eller koplingskomponenter i vekselretterne.<\/li>\n<\/ol>\n<h3>12. SALG AV KRAFTOVERSKUDD<\/h3>\n<p>Kunden eier kraften som Solcelleanlegget produserer. Kverneland Energi AS har ikke ansvar for salg av kraftoverskudd.<\/p>\n<p>&nbsp;<\/p>\n<h3>13. YTELSESGARANTI<\/h3>\n<ol>\n<li>Kverneland Energi garanterer at Solcelleanlegget har den spesifiserte nominelle likestr\u00f8mseffekten, men gir ingen garanti ang\u00e5ende kraftproduksjonen.<\/li>\n<li>Den ansl\u00e5tte kraftproduksjonen som Kverneland Energi oppgir er basert p\u00e5 systemeffekten og tilgjengelige databaser for solinnstr\u00e5ling, klimadata og informasjon mottatt om installasjonsstedet. Faktisk kraftproduksjon vil variere over tid og kan p\u00e5virkes av lokale v\u00e6rvariasjoner samt skygge fra vegetasjon, tilst\u00f8tende bygg eller andre elementer p\u00e5 stedet. Skygge fra bygningselementer, n\u00e6rliggende bygg, vegetasjon eller lignende er ikke tatt med i beregningene.<\/li>\n<li>Alle produktene er f\u00f8lsomme for slitasje, som kan f\u00f8re til redusert ytelse og produksjon over tid. En reduksjon i kraftproduksjonen som f\u00f8lge av normal slitasje, eller som ligger innenfor de data produsenten har oppgitt for maksimalt kvalitetstap, m\u00e5 forventes.<\/li>\n<li>Enhver produktgaranti som tilbys direkte fra produsenten er et anliggende mellom Kunden og produsenten. Merk at slike produktgarantier kan forutsette at Kunden registrerer produktet i henhold til produsentens fremgangsm\u00e5ter.<\/li>\n<\/ol>\n<p>Solcelleanlegget er ikke Kundens prim\u00e6re str\u00f8mkilde. Kverneland Energi er derfor ikke ansvarlig for tap for\u00e5rsaket direkte eller indirekte av str\u00f8mbrudd. Dersom str\u00f8mmen fra str\u00f8mnettet blir borte sl\u00e5r Solcelleanlegget seg av, iht. gjeldende regelverk.<\/p>\n<p>&nbsp;<\/p>\n<h3>14. DRIFT OG VEDLIKEHOLD<\/h3>\n<p>Det leveres Drift og vedlikeholdsdokumentasjon for leveransen der dette er avtalt.\u00a0Datablader og produktinformasjon som medf\u00f8lger leverte produkter leveres. Kverneland Energi AS kan etter foresp\u00f8rsel fra\u00a0kunden levere dokumentasjon p\u00e5 produkter hvor dette ikke normalt medf\u00f8lger.\u00a0Kunden plikter \u00e5 f\u00f8lge instrukser for drift og vedlikehold. Kverneland Energi AS er ikke ansvarlig for skader mm som f\u00f8lge av\u00a0feil bruk eller\u00a0vedlikehold p\u00e5 leveransen.<\/p>\n<p>Alt arbeid p\u00e5 Solcelleanlegget skal utf\u00f8res av autorisert personell. Kverneland Energi er ikke ansvarlig for tap for\u00e5rsaket direkte eller indirekte av blant annet reparasjoner og vedlikehold utf\u00f8rt av uautorisert personell.<\/p>\n<p>Kverneland Energi anbefaler \u00e5 tegne serviceavtale p\u00e5 solcelleanlegget.<\/p>\n<p>&nbsp;<\/p>\n<h3>15. FAKTURERING OG BETALING<\/h3>\n<ol>\n<li>Standard betalingsbetingelser er forskuddsbetaling. Ved forsinket betaling skal Kunden betale forsinkelsesrente i henhold til gjeldende lovgivning om forsinket betaling.<\/li>\n<li>Kverneland Energi AS har salgspant i leveransen for tilbudssummen og for krav for eventuelle andre ytelser, i tr\u00e5d med reglene i pantelovens \u00a7\u00a7 314 til 322. S\u00e5 lenge Kverneland Energi AS har salgspant i leveransen er kunden ansvarlig for \u00e5 holde utstyret forsvarlig vedlikeholdt.<\/li>\n<li>Kverneland Energi er ikke ansvarlig for s\u00f8knader om eller godkjennelse av eventuelle nasjonale eller lokale tilskuddsmidler eller st\u00f8tteordninger p\u00e5 vegne av Kunden. Priser kan oppgis brutto eller netto av tilskuddsmidler. Kunden er alltid ansvarlig for bruttoprisen ved levering av Solcelleanlegget.\u00a0<\/li>\n<\/ol>\n<h3>16. GARANTI OG REKLAMASJON<\/h3>\n<p>V\u00e5re garantier inneb\u00e6rer ingen begrensninger i reklamasjonsretten for varer etter kj\u00f8pslov og forbrukerkj\u00f8psloven.<\/p>\n<p>Kj\u00f8peren kan ikke p\u00e5 eget initiativ iverksette tiltak for \u00e5 utbedre en mangel p\u00e5 anlegget. Dersom dette gj\u00f8res, vil garanti p\u00e5 anlegget opph\u00f8re.<\/p>\n<p>Garantiperioden starter ved ferdigstilt solcelleanlegg iht. punkt 9 i disse betingelsene.<\/p>\n<p>&nbsp;<\/p>\n<h3>17. FORCE MAJEURE<\/h3>\n<p>Kverneland Energi skal ikke holdes ansvarlig for forsinkelser i leveranser, eller for manglende levering eller ytelse, helt eller delvis, for\u00e5rsaket av omstendigheter utenfor Kverneland Energis eller Kverneland Energis leverand\u00f8rers kontroll, inkludert men ikke begrenset til, ett eller flere av f\u00f8lgende: brann, streik; lockout; arbeidskonflikter; epidemier; flom; ulykke; transportforsinkelser; krig; handelsblokade; bes\u00f8ksforbudsavgj\u00f8relser fra enhver rett eller dommer; eller enhver annen rimelig \u00e5rsak, enten lignende eller ulike de allerede nevnt her. Forekomsten av enhver slik \u00e5rsak eller \u00e5rsaker til forsinkelse skal forlenge tiden for ytelsen med tiden eller tidene for enhver \u00e5rsak eller \u00e5rsaker til forsinkelse.<\/p>\n<p>&nbsp;<\/p>\n<h3>18. TVISTER<\/h3>\n<p>Disse betingelsene og alle tilknyttede salgskontrakter er underlagt norsk lov. Det skal s\u00f8kes \u00e5 l\u00f8se tvister om denne kontrakten i minnelighet. Hvis minnelig l\u00f8sning av tvister ikke lykkes, er Stavanger tingrett verneting for eventuelle tvister som m\u00e5tte oppst\u00e5.<\/p>\n<p>[\/et_pb_text][\/et_pb_column][\/et_pb_row][\/et_pb_section]<\/p>\n","protected":false},"excerpt":{"rendered":"<p>Terms of sale for Kverneland Energi<\/p>\n","protected":false},"author":1,"featured_media":5718,"parent":0,"menu_order":0,"comment_status":"closed","ping_status":"closed","template":"","meta":{"_acf_changed":false,"_et_pb_use_builder":"on","_et_pb_old_content":"","_et_gb_content_width":"","footnotes":""},"class_list":["post-378418","page","type-page","status-publish","has-post-thumbnail","hentry"],"acf":[],"_links":{"self":[{"href":"https:\/\/kvernelandenergi.no\/en\/wp-json\/wp\/v2\/pages\/378418","targetHints":{"allow":["GET"]}}],"collection":[{"href":"https:\/\/kvernelandenergi.no\/en\/wp-json\/wp\/v2\/pages"}],"about":[{"href":"https:\/\/kvernelandenergi.no\/en\/wp-json\/wp\/v2\/types\/page"}],"author":[{"embeddable":true,"href":"https:\/\/kvernelandenergi.no\/en\/wp-json\/wp\/v2\/users\/1"}],"replies":[{"embeddable":true,"href":"https:\/\/kvernelandenergi.no\/en\/wp-json\/wp\/v2\/comments?post=378418"}],"version-history":[{"count":0,"href":"https:\/\/kvernelandenergi.no\/en\/wp-json\/wp\/v2\/pages\/378418\/revisions"}],"wp:featuredmedia":[{"embeddable":true,"href":"https:\/\/kvernelandenergi.no\/en\/wp-json\/wp\/v2\/media\/5718"}],"wp:attachment":[{"href":"https:\/\/kvernelandenergi.no\/en\/wp-json\/wp\/v2\/media?parent=378418"}],"curies":[{"name":"wp","href":"https:\/\/api.w.org\/{rel}","templated":true}]}}