{"id":384505,"date":"2023-12-08T12:43:22","date_gmt":"2023-12-08T11:43:22","guid":{"rendered":"https:\/\/kvernelandenergi.no\/gesellschaftliche-verantwortung\/"},"modified":"2026-01-30T13:26:32","modified_gmt":"2026-01-30T12:26:32","slug":"gesellschaftliche-verantwortung","status":"publish","type":"page","link":"https:\/\/kvernelandenergi.no\/de\/gesellschaftliche-verantwortung\/","title":{"rendered":"Gesellschaftliche Verantwortung"},"content":{"rendered":"<p>[et_pb_section fb_built=&#8220;1&#8243; _builder_version=&#8220;4.27.4&#8243; _module_preset=&#8220;8bdff294-2576-4e32-83a4-cf0cd407d4aa&#8220; background_image=&#8220;https:\/\/kvernelandenergi.no\/wp-content\/uploads\/2500-Kverneland-Energi-_PNL4620.jpg&#8220; global_colors_info=&#8220;{}&#8220;][et_pb_row _builder_version=&#8220;4.23.1&#8243; _module_preset=&#8220;2d0c526e-bd7a-4599-b5a6-43b0ac398f2a&#8220; global_colors_info=&#8220;{}&#8220;][et_pb_column type=&#8220;4_4&#8243; _builder_version=&#8220;4.21.0&#8243; _module_preset=&#8220;default&#8220; global_colors_info=&#8220;{}&#8220;][et_pb_text _builder_version=&#8220;4.23.3&#8243; _module_preset=&#8220;ad508cc4-1fb0-4b18-bc10-c96ef5aab779&#8243; global_colors_info=&#8220;{}&#8220;]<\/p>\n<p><a href=\"https:\/\/kvernelandenergi.no\/de\/ueber-uns\/\">Kverneland Energi<\/a> \/ <strong>Gesellschaftliche Verantwortung<\/strong><\/p>\n<p>[\/et_pb_text][et_pb_text content_tablet=&#8220;<\/p>\n<h1>Gesellschaftliche Verantwortung und lokales Engagement<\/h1>\n<p>&#8220; content_phone=&#8220;<\/p>\n<h1>Gesellschaftliche Verantwortung und lokales Engagement<\/h1>\n<p>&#8220; content_last_edited=&#8220;on|phone&#8220; _builder_version=&#8220;4.27.4&#8243; _module_preset=&#8220;4fa21ccd-d91c-4b65-8118-fb0036758eef&#8220; global_colors_info=&#8220;{}&#8220;]<\/p>\n<h1>Gesellschaftliche Verantwortung und lokales Engagement<\/h1>\n<p>[\/et_pb_text][\/et_pb_column][\/et_pb_row][\/et_pb_section][et_pb_section fb_built=&#8220;1&#8243; _builder_version=&#8220;4.23.1&#8243; _module_preset=&#8220;_initial&#8220; background_color=&#8220;#315869&#8243; background_enable_image=&#8220;off&#8220; background_size=&#8220;custom&#8220; background_image_width=&#8220;25%&#8220; background_image_height=&#8220;60%&#8220; background_position=&#8220;top_right&#8220; background_horizontal_offset=&#8220;0%&#8220; background_vertical_offset=&#8220;-75%&#8220; background_blend=&#8220;luminosity&#8220; global_colors_info=&#8220;{}&#8220;][et_pb_row _builder_version=&#8220;4.23.1&#8243; _module_preset=&#8220;default&#8220; global_colors_info=&#8220;{}&#8220;][et_pb_column type=&#8220;4_4&#8243; _builder_version=&#8220;4.23.1&#8243; _module_preset=&#8220;default&#8220; global_colors_info=&#8220;{}&#8220;][et_pb_text _builder_version=&#8220;4.27.4&#8243; _module_preset=&#8220;_initial&#8220; header_2_text_color=&#8220;#FFCC00&#8243; max_width=&#8220;1100px&#8220; global_colors_info=&#8220;{}&#8220;]<\/p>\n<h2>Wir sind Fans von lokalem Engagement!<\/h2>\n<p>[\/et_pb_text][et_pb_text _builder_version=&#8220;4.24.2&#8243; _module_preset=&#8220;default&#8220; text_text_color=&#8220;#FFFFFF&#8220; text_font_size=&#8220;20px&#8220; text_line_height=&#8220;30px&#8220; max_width=&#8220;1000px&#8220; custom_padding=&#8220;||20px||false|false&#8220; global_colors_info=&#8220;{}&#8220;]<\/p>\n<p>Kverneland Energi hat seinen Sitz in Klepp, ist in lokalem Besitz und besch\u00e4ftigt Mitarbeiter aus der gesamten Region J\u00e6ren. Wir sch\u00e4tzen diese enge Verbindung zu unserer lokalen Gemeinschaft. Deshalb ist es uns wichtig, der lokalen Gemeinschaft etwas zur\u00fcckzugeben.  <\/p>\n<p>Enthusiasmus und Engagement sind wichtige Werte, sowohl intern als auch in Bezug auf unsere Kunden. Wir sind stolz darauf, ein aktiver Teilnehmer am lokalen Gesch\u00e4ftsleben zu sein, und wir glauben an die Bedeutung des Aufbaus starker Beziehungen zu der Gesellschaft, die uns umgibt. Deshalb unterst\u00fctzen wir sowohl das lokale Gesch\u00e4ftsleben als auch freiwillige Organisationen.  <\/p>\n<p>[\/et_pb_text][et_pb_button button_text=&#8220;Mehr erfahren&#8220; _builder_version=&#8220;4.23.1&#8243; _module_preset=&#8220;default&#8220; global_colors_info=&#8220;{}&#8220;][\/et_pb_button][\/et_pb_column][\/et_pb_row][\/et_pb_section][et_pb_section fb_built=&#8220;1&#8243; _builder_version=&#8220;4.24.2&#8243; _module_preset=&#8220;_initial&#8220; background_color=&#8220;gcid-f08207dc-81fe-483d-8b83-802e8b3f5960&#8243; global_colors_info=&#8220;{%22gcid-f08207dc-81fe-483d-8b83-802e8b3f5960%22:%91%22background_color%22%93}&#8220;][et_pb_row _builder_version=&#8220;4.23.1&#8243; _module_preset=&#8220;_initial&#8220; global_colors_info=&#8220;{}&#8220;][et_pb_column type=&#8220;4_4&#8243; _builder_version=&#8220;4.23.1&#8243; _module_preset=&#8220;default&#8220; global_colors_info=&#8220;{}&#8220;][et_pb_text _builder_version=&#8220;4.23.1&#8243; _module_preset=&#8220;_initial&#8220; width=&#8220;1100px&#8220; global_colors_info=&#8220;{}&#8220;]<\/p>\n<h2>Sponsorings<\/h2>\n<p>[\/et_pb_text][et_pb_text _builder_version=&#8220;4.23.1&#8243; _module_preset=&#8220;default&#8220; max_width=&#8220;1100px&#8220; global_colors_info=&#8220;{}&#8220;]<\/p>\n<p>Kverneland Energi engagiert sich als Unterst\u00fctzer f\u00fcr:<\/p>\n<p>[\/et_pb_text][\/et_pb_column][\/et_pb_row][et_pb_row column_structure=&#8220;1_4,1_4,1_4,1_4&#8243; make_equal=&#8220;on&#8220; _builder_version=&#8220;4.24.2&#8243; _module_preset=&#8220;default&#8220; global_colors_info=&#8220;{}&#8220;][et_pb_column type=&#8220;1_4&#8243; _builder_version=&#8220;4.24.2&#8243; _module_preset=&#8220;default&#8220; background_color=&#8220;#FFFFFF&#8220; custom_padding=&#8220;20px|20px|20px|20px|false|false&#8220; border_radii=&#8220;on|10px|10px|10px|10px&#8220; global_colors_info=&#8220;{}&#8220;][et_pb_blurb title=&#8220;Bryne FK&#8220; image=&#8220;https:\/\/kvernelandenergi.no\/wp-content\/uploads\/brynefk_300.png&#8220; _builder_version=&#8220;4.27.0&#8243; _module_preset=&#8220;default&#8220; header_text_align=&#8220;center&#8220; custom_margin=&#8220;||||false|false&#8220; custom_padding=&#8220;||||false|false&#8220; animation=&#8220;off&#8220; link_option_url=&#8220;https:\/\/www.brynefk.no\/&#8220; link_option_url_new_window=&#8220;on&#8220; custom_css_blurb_image=&#8220;max-width: 200px;&#8220; global_colors_info=&#8220;{}&#8220;][\/et_pb_blurb][\/et_pb_column][et_pb_column type=&#8220;1_4&#8243; _builder_version=&#8220;4.24.2&#8243; _module_preset=&#8220;default&#8220; background_color=&#8220;#FFFFFF&#8220; custom_padding=&#8220;20px|20px|20px|20px|false|false&#8220; border_radii=&#8220;on|10px|10px|10px|10px&#8220; global_colors_info=&#8220;{}&#8220;][et_pb_blurb title=&#8220;Varhaug IL&#8220; url=&#8220;https:\/\/www.vil.no\/&#8220; image=&#8220;https:\/\/kvernelandenergi.no\/wp-content\/uploads\/varhaugil_300.png&#8220; _builder_version=&#8220;4.27.0&#8243; _module_preset=&#8220;default&#8220; header_text_align=&#8220;center&#8220; animation=&#8220;off&#8220; link_option_url_new_window=&#8220;on&#8220; custom_css_blurb_image=&#8220;max-width: 200px;&#8220; global_colors_info=&#8220;{}&#8220;][\/et_pb_blurb][\/et_pb_column][et_pb_column type=&#8220;1_4&#8243; _builder_version=&#8220;4.24.2&#8243; _module_preset=&#8220;default&#8220; background_color=&#8220;#FFFFFF&#8220; custom_padding=&#8220;20px|20px|20px|20px|false|false&#8220; border_radii=&#8220;on|10px|10px|10px|10px&#8220; global_colors_info=&#8220;{}&#8220;][et_pb_blurb title=&#8220;Oilers&#8220; image=&#8220;https:\/\/kvernelandenergi.no\/wp-content\/uploads\/oilers_300.png&#8220; _builder_version=&#8220;4.27.0&#8243; _module_preset=&#8220;default&#8220; header_text_align=&#8220;center&#8220; animation=&#8220;off&#8220; link_option_url=&#8220;https:\/\/www.oilers.no\/&#8220; link_option_url_new_window=&#8220;on&#8220; custom_css_blurb_image=&#8220;max-width: 200px;&#8220; global_colors_info=&#8220;{}&#8220;][\/et_pb_blurb][\/et_pb_column][et_pb_column type=&#8220;1_4&#8243; _builder_version=&#8220;4.24.2&#8243; _module_preset=&#8220;default&#8220; background_color=&#8220;#FFFFFF&#8220; custom_padding=&#8220;20px|20px|20px|20px|false|false&#8220; border_radii=&#8220;on|10px|10px|10px|10px&#8220; global_colors_info=&#8220;{}&#8220;][et_pb_blurb title=&#8220;Fr\u00f8yland IL&#8220; image=&#8220;https:\/\/kvernelandenergi.no\/wp-content\/uploads\/froyland_il_300.jpg&#8220; _builder_version=&#8220;4.27.0&#8243; _module_preset=&#8220;default&#8220; header_text_align=&#8220;center&#8220; animation=&#8220;off&#8220; link_option_url=&#8220;https:\/\/froylandil.no\/&#8220; link_option_url_new_window=&#8220;on&#8220; custom_css_blurb_image=&#8220;max-width: 200px;&#8220; global_colors_info=&#8220;{}&#8220;][\/et_pb_blurb][\/et_pb_column][\/et_pb_row][et_pb_row column_structure=&#8220;1_4,1_4,1_4,1_4&#8243; make_equal=&#8220;on&#8220; _builder_version=&#8220;4.24.2&#8243; _module_preset=&#8220;default&#8220; global_colors_info=&#8220;{}&#8220;][et_pb_column type=&#8220;1_4&#8243; _builder_version=&#8220;4.24.2&#8243; _module_preset=&#8220;default&#8220; background_color=&#8220;#FFFFFF&#8220; custom_padding=&#8220;20px|20px|20px|20px|false|false&#8220; border_radii=&#8220;on|10px|10px|10px|10px&#8220; global_colors_info=&#8220;{}&#8220;][et_pb_blurb title=&#8220;Klepp IL&#8220; image=&#8220;https:\/\/kvernelandenergi.no\/wp-content\/uploads\/kleppil_300.png&#8220; _builder_version=&#8220;4.27.0&#8243; _module_preset=&#8220;default&#8220; header_text_align=&#8220;center&#8220; custom_margin=&#8220;||||false|false&#8220; custom_padding=&#8220;||||false|false&#8220; animation=&#8220;off&#8220; link_option_url=&#8220;https:\/\/kleppil.no\/&#8220; link_option_url_new_window=&#8220;on&#8220; custom_css_blurb_image=&#8220;max-width: 200px;&#8220; global_colors_info=&#8220;{}&#8220;][\/et_pb_blurb][\/et_pb_column][et_pb_column type=&#8220;1_4&#8243; _builder_version=&#8220;4.24.2&#8243; _module_preset=&#8220;default&#8220; background_color=&#8220;#FFFFFF&#8220; custom_padding=&#8220;20px|20px|20px|20px|false|false&#8220; border_radii=&#8220;on|10px|10px|10px|10px&#8220; global_colors_info=&#8220;{}&#8220;][et_pb_blurb title=&#8220;Undheim IL&#8220; image=&#8220;https:\/\/kvernelandenergi.no\/wp-content\/uploads\/undheimil_300.png&#8220; _builder_version=&#8220;4.27.0&#8243; _module_preset=&#8220;default&#8220; header_text_align=&#8220;center&#8220; animation=&#8220;off&#8220; link_option_url=&#8220;https:\/\/www.fotball.no\/fotballdata\/klubb\/hjem\/?fiksId=729&#8243; link_option_url_new_window=&#8220;on&#8220; custom_css_blurb_image=&#8220;max-width: 200px;&#8220; global_colors_info=&#8220;{}&#8220;][\/et_pb_blurb][\/et_pb_column][et_pb_column type=&#8220;1_4&#8243; _builder_version=&#8220;4.24.2&#8243; _module_preset=&#8220;default&#8220; background_color=&#8220;#FFFFFF&#8220; custom_padding=&#8220;20px|20px|20px|20px|false|false&#8220; border_radii=&#8220;on|10px|10px|10px|10px&#8220; global_colors_info=&#8220;{}&#8220;][et_pb_blurb title=&#8220;Brusand IL&#8220; image=&#8220;https:\/\/kvernelandenergi.no\/wp-content\/uploads\/brusandil_300.png&#8220; _builder_version=&#8220;4.27.0&#8243; _module_preset=&#8220;default&#8220; header_text_align=&#8220;center&#8220; animation=&#8220;off&#8220; link_option_url=&#8220;https:\/\/www.brusandil.no\/next\/p\/56939\/hjem&#8220; link_option_url_new_window=&#8220;on&#8220; custom_css_blurb_image=&#8220;max-width: 200px;&#8220; global_colors_info=&#8220;{}&#8220;][\/et_pb_blurb][\/et_pb_column][et_pb_column type=&#8220;1_4&#8243; _builder_version=&#8220;4.24.2&#8243; _module_preset=&#8220;default&#8220; background_color=&#8220;#FFFFFF&#8220; custom_padding=&#8220;20px|20px|20px|20px|false|false&#8220; border_radii=&#8220;on|10px|10px|10px|10px&#8220; global_colors_info=&#8220;{}&#8220;][et_pb_blurb title=&#8220;J\u00e6rn\u00e5tt\u00e5&#8220; image=&#8220;https:\/\/kvernelandenergi.no\/wp-content\/uploads\/jaernatta_300.png&#8220; _builder_version=&#8220;4.27.0&#8243; _module_preset=&#8220;default&#8220; header_text_align=&#8220;center&#8220; animation=&#8220;off&#8220; link_option_url=&#8220;https:\/\/jaernatta.no\/&#8220; link_option_url_new_window=&#8220;on&#8220; custom_css_blurb_image=&#8220;max-width: 200px;&#8220; global_colors_info=&#8220;{}&#8220;][\/et_pb_blurb][\/et_pb_column][\/et_pb_row][et_pb_row column_structure=&#8220;1_4,1_4,1_4,1_4&#8243; make_equal=&#8220;on&#8220; _builder_version=&#8220;4.27.4&#8243; _module_preset=&#8220;default&#8220; global_colors_info=&#8220;{}&#8220;][et_pb_column type=&#8220;1_4&#8243; _builder_version=&#8220;4.24.2&#8243; _module_preset=&#8220;default&#8220; background_color=&#8220;#FFFFFF&#8220; custom_padding=&#8220;20px|20px|20px|20px|false|false&#8220; border_radii=&#8220;on|10px|10px|10px|10px&#8220; global_colors_info=&#8220;{}&#8220;][et_pb_blurb title=&#8220;Gjesdal Brass Band&#8220; image=&#8220;https:\/\/kvernelandenergi.no\/wp-content\/uploads\/gjesdal_brass_band_300-1.png&#8220; _builder_version=&#8220;4.27.4&#8243; _module_preset=&#8220;default&#8220; header_text_align=&#8220;center&#8220; custom_margin=&#8220;||||false|false&#8220; custom_padding=&#8220;||||false|false&#8220; animation=&#8220;off&#8220; link_option_url=&#8220;https:\/\/kleppil.no\/&#8220; link_option_url_new_window=&#8220;on&#8220; custom_css_blurb_image=&#8220;max-width: 200px;&#8220; global_colors_info=&#8220;{}&#8220;][\/et_pb_blurb][\/et_pb_column][et_pb_column type=&#8220;1_4&#8243; _builder_version=&#8220;4.27.4&#8243; _module_preset=&#8220;default&#8220; background_enable_color=&#8220;off&#8220; custom_padding=&#8220;20px|20px|20px|20px|false|false&#8220; border_radii=&#8220;on|10px|10px|10px|10px&#8220; global_colors_info=&#8220;{}&#8220;][\/et_pb_column][et_pb_column type=&#8220;1_4&#8243; _builder_version=&#8220;4.24.2&#8243; _module_preset=&#8220;default&#8220; background_enable_color=&#8220;off&#8220; custom_padding=&#8220;20px|20px|20px|20px|false|false&#8220; border_radii=&#8220;on|10px|10px|10px|10px&#8220; global_colors_info=&#8220;{}&#8220;][\/et_pb_column][et_pb_column type=&#8220;1_4&#8243; _builder_version=&#8220;4.24.2&#8243; _module_preset=&#8220;default&#8220; background_enable_color=&#8220;off&#8220; custom_padding=&#8220;20px|20px|20px|20px|false|false&#8220; border_radii=&#8220;on|10px|10px|10px|10px&#8220; global_colors_info=&#8220;{}&#8220;][\/et_pb_column][\/et_pb_row][\/et_pb_section]<\/p>\n","protected":false},"excerpt":{"rendered":"<p>Kverneland Energi \/ Gesellschaftliche VerantwortungGesellschaftliche Verantwortung und lokales EngagementWir sind Fans von lokalem Engagement!Kverneland Energi hat seinen Sitz in Klepp, ist in lokalem Besitz und besch\u00e4ftigt Mitarbeiter aus der gesamten Region J\u00e6ren. Wir sch\u00e4tzen diese enge Verbindung zu unserer lokalen Gemeinschaft. Deshalb ist es uns wichtig, der lokalen Gemeinschaft etwas zur\u00fcckzugeben. Enthusiasmus und Engagement sind [&hellip;]<\/p>\n","protected":false},"author":1,"featured_media":0,"parent":0,"menu_order":0,"comment_status":"closed","ping_status":"closed","template":"","meta":{"_acf_changed":false,"_et_pb_use_builder":"on","_et_pb_old_content":"","_et_gb_content_width":"","footnotes":""},"class_list":["post-384505","page","type-page","status-publish","hentry"],"acf":[],"_links":{"self":[{"href":"https:\/\/kvernelandenergi.no\/de\/wp-json\/wp\/v2\/pages\/384505","targetHints":{"allow":["GET"]}}],"collection":[{"href":"https:\/\/kvernelandenergi.no\/de\/wp-json\/wp\/v2\/pages"}],"about":[{"href":"https:\/\/kvernelandenergi.no\/de\/wp-json\/wp\/v2\/types\/page"}],"author":[{"embeddable":true,"href":"https:\/\/kvernelandenergi.no\/de\/wp-json\/wp\/v2\/users\/1"}],"replies":[{"embeddable":true,"href":"https:\/\/kvernelandenergi.no\/de\/wp-json\/wp\/v2\/comments?post=384505"}],"version-history":[{"count":0,"href":"https:\/\/kvernelandenergi.no\/de\/wp-json\/wp\/v2\/pages\/384505\/revisions"}],"wp:attachment":[{"href":"https:\/\/kvernelandenergi.no\/de\/wp-json\/wp\/v2\/media?parent=384505"}],"curies":[{"name":"wp","href":"https:\/\/api.w.org\/{rel}","templated":true}]}}