{"id":384502,"date":"2023-07-17T08:37:13","date_gmt":"2023-07-17T06:37:13","guid":{"rendered":"https:\/\/kvernelandenergi.no\/datenschutz\/"},"modified":"2026-02-04T16:01:00","modified_gmt":"2026-02-04T15:01:00","slug":"datenschutz","status":"publish","type":"page","link":"https:\/\/kvernelandenergi.no\/de\/datenschutz\/","title":{"rendered":"Datenschutz"},"content":{"rendered":"<p>[et_pb_section fb_built=&#8220;1&#8243; admin_label=&#8220;HERO&#8220; _builder_version=&#8220;4.24.2&#8243; _module_preset=&#8220;default&#8220; background_color=&#8220;#315869&#8243; custom_margin=&#8220;-130px||||false|false&#8220; custom_padding=&#8220;30px||0px||false|false&#8220; global_colors_info=&#8220;{}&#8220;][et_pb_row make_equal=&#8220;on&#8220; _builder_version=&#8220;4.24.2&#8243; _module_preset=&#8220;default&#8220; max_width=&#8220;80%&#8220; custom_padding=&#8220;0vh||0px||false|false&#8220; global_colors_info=&#8220;{}&#8220;][et_pb_column type=&#8220;4_4&#8243; _builder_version=&#8220;4.24.2&#8243; _module_preset=&#8220;default&#8220; custom_padding=&#8220;10vh|5%|120px||false|false&#8220; custom_padding_tablet=&#8220;||50px||false|false&#8220; custom_padding_phone=&#8220;||5vh||false|false&#8220; custom_padding_last_edited=&#8220;on|tablet&#8220; global_colors_info=&#8220;{}&#8220;][et_pb_text _builder_version=&#8220;4.24.2&#8243; _module_preset=&#8220;ad508cc4-1fb0-4b18-bc10-c96ef5aab779&#8243; text_text_color=&#8220;gcid-f08207dc-81fe-483d-8b83-802e8b3f5960&#8243; link_text_color=&#8220;gcid-f08207dc-81fe-483d-8b83-802e8b3f5960&#8243; hover_enabled=&#8220;0&#8243; global_colors_info=&#8220;{%22gcid-f08207dc-81fe-483d-8b83-802e8b3f5960%22:%91%22text_text_color%22,%22link_text_color%22%93}&#8220; link_text_color__hover_enabled=&#8220;on|hover&#8220; link_text_color__hover=&#8220;#FFCC00&#8243; sticky_enabled=&#8220;0&#8243;]<\/p>\n<p><a href=\"\/\">Kverneland Energi<\/a> \/ <strong>Datenschutz<\/strong><\/p>\n<p>[\/et_pb_text][et_pb_text content_tablet=&#8220;<\/p>\n<h1>Mobile Schnellladung f\u00fcr elektrische Baumaschinen<\/h1>\n<p>&#8220; content_phone=&#8220;<\/p>\n<h1>Mobile Schnellladung f\u00fcr elektrische Baumaschinen<\/h1>\n<p>&#8220; content_last_edited=&#8220;off|desktop&#8220; _builder_version=&#8220;4.24.2&#8243; _module_preset=&#8220;4fa21ccd-d91c-4b65-8118-fb0036758eef&#8220; header_text_color=&#8220;#FFCC00&#8243; header_font_size=&#8220;3.5vw&#8220; max_width=&#8220;1200px&#8220; hover_enabled=&#8220;0&#8243; header_font_size_phone=&#8220;40px&#8220; header_line_height_tablet=&#8220;&#8220; header_line_height_phone=&#8220;1.2em&#8220; header_line_height_last_edited=&#8220;on|phone&#8220; header_text_shadow_style=&#8220;none&#8220; global_colors_info=&#8220;{}&#8220; sticky_enabled=&#8220;0&#8243;]<\/p>\n<h1>Datenschutz und Cookies<\/h1>\n<p>[\/et_pb_text][et_pb_text _builder_version=&#8220;4.24.2&#8243; _module_preset=&#8220;9d980eb5-e0c8-4ce7-8463-0a991af37b4a&#8220; text_text_color=&#8220;gcid-f08207dc-81fe-483d-8b83-802e8b3f5960&#8243; animation_style=&#8220;fade&#8220; animation_delay=&#8220;200ms&#8220; hover_enabled=&#8220;0&#8243; global_colors_info=&#8220;{%22gcid-f08207dc-81fe-483d-8b83-802e8b3f5960%22:%91%22text_text_color%22%93}&#8220; sticky_enabled=&#8220;0&#8243;]<\/p>\n<p>Zuletzt aktualisiert im M\u00e4rz 2024<\/p>\n<p>[\/et_pb_text][\/et_pb_column][\/et_pb_row][\/et_pb_section][et_pb_section fb_built=&#8220;1&#8243; _builder_version=&#8220;4.24.2&#8243; _module_preset=&#8220;_initial&#8220; background_color=&#8220;gcid-f08207dc-81fe-483d-8b83-802e8b3f5960&#8243; background_enable_image=&#8220;off&#8220; background_size=&#8220;custom&#8220; background_image_width=&#8220;30%&#8220; background_image_height=&#8220;75%&#8220; background_position=&#8220;top_right&#8220; background_horizontal_offset=&#8220;-14%&#8220; background_vertical_offset=&#8220;-93%&#8220; hover_enabled=&#8220;0&#8243; global_colors_info=&#8220;{%22gcid-f08207dc-81fe-483d-8b83-802e8b3f5960%22:%91%22background_color%22%93}&#8220; custom_padding=&#8220;80px||80px||true|false&#8220; sticky_enabled=&#8220;0&#8243;][et_pb_row _builder_version=&#8220;4.24.2&#8243; _module_preset=&#8220;default&#8220; global_colors_info=&#8220;{}&#8220;][et_pb_column type=&#8220;4_4&#8243; _builder_version=&#8220;4.24.2&#8243; _module_preset=&#8220;default&#8220; global_colors_info=&#8220;{}&#8220;][et_pb_text _builder_version=&#8220;4.24.2&#8243; _module_preset=&#8220;default&#8220; hover_enabled=&#8220;0&#8243; global_colors_info=&#8220;{}&#8220; sticky_enabled=&#8220;0&#8243;]<\/p>\n<h4>Verantwortlicher f\u00fcr die Verarbeitung<\/h4>\n<p>Kvernelandenergi.no wird von Kverneland Energi AS \u00fcber unseren Anbieter f\u00fcr die Entwicklung, Wartung und den Betrieb der Website (siehe unten) betrieben und ist Eigentum von Kverneland Energi AS.<\/p>\n<p>Kverneland Energi AS, vertreten durch den Gesch\u00e4ftsf\u00fchrer, ist der <em>Verantwortliche<\/em> f\u00fcr die <em>Verarbeitung personenbezogener Daten<\/em> des Unternehmens. Diese Erkl\u00e4rung enth\u00e4lt Informationen, auf die Sie Anspruch haben, dar\u00fcber, wie wir Daten von unserer Website erfassen (Datenschutzgesetz \u00a7 19), sowie allgemeine Informationen dar\u00fcber, wie wir personenbezogene Daten verarbeiten (Datenschutzgesetz \u00a7 18 Abs. 1). <\/p>\n<p><strong>Kverneland Energi AS<br \/><\/strong>Plogfabrikkvegen 30, 4353 Klepp Stasjon<strong><br \/><\/strong><br \/>Aksel Kverneland, Gesch\u00e4ftsf\u00fchrer<br \/>Tel. +47 905 56 907<br \/><a href=\"&#x6d;&#97;&#105;&#x6c;&#x74;&#111;&#58;&#x61;&#x6b;&#115;&#101;&#x6c;&#x40;&#107;&#118;&#x65;&#x72;&#110;&#101;&#x6c;&#x61;&#110;&#100;&#x65;&#x6e;&#101;&#114;&#x67;&#x69;&#46;&#110;&#x6f;\">&#97;&#x6b;&#x73;&#101;&#x6c;&#x40;k&#x76;&#x65;r&#110;&#x65;l&#97;&#x6e;d&#101;&#x6e;e&#114;&#x67;i&#46;&#x6e;&#x6f;<\/a><\/p>\n<p><strong>Datenverarbeiter f\u00fcr die Website<\/strong><br \/>Pixa AS ist der Datenverarbeiter von Kverneland Energi AS und unser Anbieter f\u00fcr die Entwicklung, Wartung und den Betrieb der Website. Daten, die im Zusammenhang mit dem Betrieb der Website erfasst werden, werden auf eigenen Servern gespeichert, die vom Anbieter betrieben werden. Nur Kverneland Energi AS, Pixa AS und eventuelle Subunternehmer f\u00fcr begrenzte Zeitr\u00e4ume haben Zugriff auf die erfassten Daten.  <\/p>\n<p><strong>Erhebung von personenbezogenen Daten<\/strong><br \/>Kvernelandenergi.no erhebt keine sensiblen personenbezogenen Daten.<\/p>\n<p>Personenbezogene Daten, die uns per E-Mail, Telefon oder \u00fcber eventuelle Kontaktformulare gesendet werden, werden nur verwendet, um Sie im Zusammenhang mit Ihrer Anfrage zu kontaktieren. Die Informationen werden nur f\u00fcr Zwecke verwendet, die f\u00fcr Ihre Anfrage und eventuelle Kundenbeziehungen relevant sind. <\/p>\n<p><strong>Webstatistik<\/strong><br \/>Diese Website verwendet Cookies.<\/p>\n<p>Kvernelandenergi.no sammelt nicht identifizierte\/anonyme Informationen \u00fcber Besucher der Website. Der Zweck davon ist die Erstellung von Statistiken, die wir zur Verbesserung und Weiterentwicklung der Website verwenden. Beispiele daf\u00fcr, worauf die Statistik Antworten gibt, sind, wie viele Personen verschiedene Seiten besuchen, wie lange der Besuch dauert, von welchen Websites der Benutzer kommt und welche Browser verwendet werden.  <\/p>\n<p>Wir verwenden Cookies haupts\u00e4chlich zur Verkehrsmessung und zur Optimierung von Inhalten und Benutzererfahrung. Diese Informationen k\u00f6nnen nicht auf Sie als Einzelperson zur\u00fcckverfolgt werden. <\/p>\n<p><strong>Google Analytics<\/strong><br \/>Das Analysetool Google Analytics wird verwendet, um Traffic, Nutzungsmuster und Trends auf der Website zu untersuchen. Die gesammelten Daten werden verwendet, um die Benutzererfahrung zu optimieren und den Inhalt der Website anzupassen. Gem\u00e4\u00df den Google-Richtlinien f\u00fcr die Verwendung von Google Analytics werden keine pers\u00f6nlichen Informationen \u00fcber Sie als Benutzer gesammelt. Die gesammelten Daten werden auf den Servern von Google gespeichert.   <\/p>\n<p><strong>Google Tag Manager<\/strong><br \/>Google Tag Manager verwaltet Tracking-Codes und bezieht sich auf Tracking-Setups und Tracking zu Drittanbieterl\u00f6sungen wie Universal Analytics (Google Analytics) und wird zur Optimierung der Website und f\u00fcr Marketingdienste verwendet. Alle Tracking-Codes werden \u00fcber Google Tag Manager ausgef\u00fchrt und verwaltet. <\/p>\n<p><strong>WordPress<\/strong><br \/>Informationskapsler for visning og funksjonalitet.<\/p>\n<p><strong><\/strong><\/p>\n<p><strong>Von uns verwendete Cookies<\/strong><\/p>\n<div class=\"cky-audit-table-element\"><\/div>\n<p><a class=\"cky-banner-element\" style=\"font-size: 18px;\">Samtykkepreferanser anpassen<\/a><\/p>\n<div><\/div>\n<p>&nbsp;<\/p>\n<p><strong>So l\u00f6schen Sie Cookies<\/strong><br \/>Die meisten Browser sind so eingestellt, dass sie Cookies akzeptieren. Wir weisen darauf hin, dass Sie diese l\u00f6schen k\u00f6nnen, indem Sie den Anweisungen zum L\u00f6schen von Cookies in Ihrem Browser folgen. Sie finden die Informationen dazu in der \u201eHilfe\u201c-Funktion Ihres Browsers. Bitte beachten Sie, dass die Einschr\u00e4nkung des Zugriffs auf Cookies die Funktionalit\u00e4t der Website beeintr\u00e4chtigen kann.   <\/p>\n<p>Wenn Sie Cookies von Ihrem Computer entfernen m\u00f6chten, k\u00f6nnen Sie diese Anleitungen verwenden:<\/p>\n<ul>\n<li><a href=\"https:\/\/support.microsoft.com\/en-us\/kb\/278835#\/en-us\/kb\/278835\/\">Internet Explorer<\/a><\/li>\n<li><a href=\"https:\/\/support.google.com\/chrome\/answer\/95647?hl=no\/\">Chrome<\/a><\/li>\n<li><a href=\"https:\/\/support.apple.com\/kb\/PH17191?locale=no_NO\">Safari<\/a><\/li>\n<li><a href=\"https:\/\/support.mozilla.org\/no\/kb\/delete-cookies-remove-info-websites-stored\">Firefox<\/a><\/li>\n<\/ul>\n<p><strong>Teilen von Inhalten von der Website<\/strong><br \/>Wenn Sie Inhalte oder Beitr\u00e4ge von Kvernelandenergi.no teilen, werden Informationen sofort in dem von Ihnen gew\u00e4hlten sozialen Netzwerk hinterlegt. Wie das jeweilige soziale Netzwerk die Daten weiterverarbeitet, wird durch Ihre Vereinbarung mit dem sozialen Netzwerk geregelt. Informationen dar\u00fcber, dass Sie einen Beitrag geteilt haben, werden nicht bei uns gespeichert.  <\/p>\n<p><strong>Soziale Medien<br \/><\/strong>Cookies\/Informationskapsler von sozialen Medien k\u00f6nnen gesetzt werden, wenn Sie in einem oder mehreren sozialen Medien eingeloggt sind und eine Funktion oder einen Link \u00fcber unsere Website nutzen, der mit einem dieser Dienste verbunden ist. Die Informationen k\u00f6nnen auch verwendet werden, um Ihnen relevante Angebote in sozialen Medien zu machen. <\/p>\n<p><strong>Eingebettete Inhalte von anderen Websites<\/strong><br \/>Artikel auf dieser Seite k\u00f6nnen eingebettete Inhalte enthalten (z. B. Videos, Bilder, Artikel usw.). Eingebettete Inhalte von anderen Websites verhalten sich genau so, als ob der Besucher die Website besucht h\u00e4tte, von der der eingebettete Inhalt stammt. <\/p>\n<p>Diese Websites k\u00f6nnen Informationen \u00fcber Sie sammeln, Cookies verwenden oder Tracking-Systeme von Drittanbietern einbetten und \u00fcberwachen, was Sie \u00fcber diese eingebetteten Inhalte tun. Dies umfasst auch die Verfolgung Ihrer Handlungen \u00fcber die eingebetteten Inhalte, wenn Sie ein Konto haben und auf der Website angemeldet sind. <\/p>\n<p><strong>Zustimmung<\/strong><br \/>Wenn Sie Kvernelandenergi.no besuchen und nutzen, stimmen Sie unserer Verwendung von Cookies zu.<\/p>\n<p><a class=\"cky-banner-element\" style=\"font-size: 18px;\">Samtykkepreferanser anpassen<\/a><\/p>\n<p>[\/et_pb_text][\/et_pb_column][\/et_pb_row][\/et_pb_section]<\/p>\n","protected":false},"excerpt":{"rendered":"<p>Kverneland Energi \/ DatenschutzDatenschutz und CookiesZuletzt aktualisiert im M\u00e4rz 2024Verantwortlicher f\u00fcr die Verarbeitung Kvernelandenergi.no wird von Kverneland Energi AS \u00fcber unseren Anbieter f\u00fcr die Entwicklung, Wartung und den Betrieb der Website (siehe unten) betrieben und ist Eigentum von Kverneland Energi AS. Kverneland Energi AS, vertreten durch den Gesch\u00e4ftsf\u00fchrer, ist der Verantwortliche f\u00fcr die Verarbeitung personenbezogener [&hellip;]<\/p>\n","protected":false},"author":1,"featured_media":0,"parent":0,"menu_order":0,"comment_status":"closed","ping_status":"closed","template":"","meta":{"_acf_changed":false,"_et_pb_use_builder":"on","_et_pb_old_content":"","_et_gb_content_width":"","footnotes":""},"class_list":["post-384502","page","type-page","status-publish","hentry"],"acf":[],"_links":{"self":[{"href":"https:\/\/kvernelandenergi.no\/de\/wp-json\/wp\/v2\/pages\/384502","targetHints":{"allow":["GET"]}}],"collection":[{"href":"https:\/\/kvernelandenergi.no\/de\/wp-json\/wp\/v2\/pages"}],"about":[{"href":"https:\/\/kvernelandenergi.no\/de\/wp-json\/wp\/v2\/types\/page"}],"author":[{"embeddable":true,"href":"https:\/\/kvernelandenergi.no\/de\/wp-json\/wp\/v2\/users\/1"}],"replies":[{"embeddable":true,"href":"https:\/\/kvernelandenergi.no\/de\/wp-json\/wp\/v2\/comments?post=384502"}],"version-history":[{"count":0,"href":"https:\/\/kvernelandenergi.no\/de\/wp-json\/wp\/v2\/pages\/384502\/revisions"}],"wp:attachment":[{"href":"https:\/\/kvernelandenergi.no\/de\/wp-json\/wp\/v2\/media?parent=384502"}],"curies":[{"name":"wp","href":"https:\/\/api.w.org\/{rel}","templated":true}]}}