{"id":384464,"date":"2024-03-28T14:36:42","date_gmt":"2024-03-28T13:36:42","guid":{"rendered":"https:\/\/kvernelandenergi.no\/verkaufsbedingungen\/"},"modified":"2026-02-04T15:55:19","modified_gmt":"2026-02-04T14:55:19","slug":"verkaufsbedingungen","status":"publish","type":"page","link":"https:\/\/kvernelandenergi.no\/de\/verkaufsbedingungen\/","title":{"rendered":"Verkaufsbedingungen"},"content":{"rendered":"<p>[et_pb_section fb_built=&#8220;1&#8243; admin_label=&#8220;HERO&#8220; _builder_version=&#8220;4.24.2&#8243; _module_preset=&#8220;default&#8220; background_color=&#8220;#315869&#8243; custom_margin=&#8220;-130px||||false|false&#8220; custom_padding=&#8220;30px||0px||false|false&#8220; hover_enabled=&#8220;0&#8243; global_colors_info=&#8220;{}&#8220; sticky_enabled=&#8220;0&#8243;][et_pb_row make_equal=&#8220;on&#8220; _builder_version=&#8220;4.24.2&#8243; _module_preset=&#8220;default&#8220; max_width=&#8220;80%&#8220; custom_padding=&#8220;0vh||0px||false|false&#8220; global_colors_info=&#8220;{}&#8220;][et_pb_column type=&#8220;4_4&#8243; _builder_version=&#8220;4.24.2&#8243; _module_preset=&#8220;default&#8220; custom_padding=&#8220;10vh|5%|120px||false|false&#8220; custom_padding_tablet=&#8220;||50px||false|false&#8220; custom_padding_phone=&#8220;||5vh||false|false&#8220; custom_padding_last_edited=&#8220;on|tablet&#8220; global_colors_info=&#8220;{}&#8220;][et_pb_text _builder_version=&#8220;4.24.2&#8243; _module_preset=&#8220;ad508cc4-1fb0-4b18-bc10-c96ef5aab779&#8243; text_text_color=&#8220;gcid-f08207dc-81fe-483d-8b83-802e8b3f5960&#8243; link_text_color=&#8220;gcid-f08207dc-81fe-483d-8b83-802e8b3f5960&#8243; hover_enabled=&#8220;0&#8243; global_colors_info=&#8220;{%22gcid-f08207dc-81fe-483d-8b83-802e8b3f5960%22:%91%22text_text_color%22,%22link_text_color%22%93}&#8220; sticky_enabled=&#8220;0&#8243; link_text_color__hover_enabled=&#8220;on|hover&#8220; link_text_color__hover=&#8220;#FFCC00&#8243;]<\/p>\n<p><a href=\"\/\">Kverneland Energi<\/a> \/ <strong>Verkaufsbedingungen<\/strong><\/p>\n<p>[\/et_pb_text][et_pb_text content_tablet=&#8220;<\/p>\n<h1>Mobile Schnellladung f\u00fcr elektrische Baumaschinen<\/h1>\n<p>&#8220; content_phone=&#8220;<\/p>\n<h1>Mobile Schnellladung f\u00fcr elektrische Baumaschinen<\/h1>\n<p>&#8220; content_last_edited=&#8220;off|desktop&#8220; _builder_version=&#8220;4.24.2&#8243; _module_preset=&#8220;4fa21ccd-d91c-4b65-8118-fb0036758eef&#8220; header_text_color=&#8220;#FFCC00&#8243; header_font_size=&#8220;3.5vw&#8220; max_width=&#8220;1200px&#8220; hover_enabled=&#8220;0&#8243; header_font_size_phone=&#8220;40px&#8220; header_line_height_tablet=&#8220;&#8220; header_line_height_phone=&#8220;1.2em&#8220; header_line_height_last_edited=&#8220;on|phone&#8220; header_text_shadow_style=&#8220;none&#8220; global_colors_info=&#8220;{}&#8220; sticky_enabled=&#8220;0&#8243;]<\/p>\n<h1>Verkaufsbedingungen<\/h1>\n<p>[\/et_pb_text][et_pb_text _builder_version=&#8220;4.24.2&#8243; _module_preset=&#8220;9d980eb5-e0c8-4ce7-8463-0a991af37b4a&#8220; text_text_color=&#8220;gcid-f08207dc-81fe-483d-8b83-802e8b3f5960&#8243; animation_style=&#8220;fade&#8220; animation_delay=&#8220;200ms&#8220; hover_enabled=&#8220;0&#8243; global_colors_info=&#8220;{%22gcid-f08207dc-81fe-483d-8b83-802e8b3f5960%22:%91%22text_text_color%22%93}&#8220; sticky_enabled=&#8220;0&#8243;]<\/p>\n<p>Letzte Aktualisierung: 28.10.2021<\/p>\n<p>[\/et_pb_text][et_pb_button button_url=&#8220;https:\/\/kvernelandenergi.no\/wp-content\/uploads\/Salgs-og-leveringsbetingelser-Kverneland-Energi-AS-28.10.21.pdf&#8220; button_text=&#8220;PDF herunterladen&#8220; _builder_version=&#8220;4.24.2&#8243; _module_preset=&#8220;default&#8220; button_text_color=&#8220;#315869&#8243; hover_enabled=&#8220;0&#8243; global_colors_info=&#8220;{}&#8220; button_bg_color__hover_enabled=&#8220;on|hover&#8220; button_bg_color__hover=&#8220;#315869&#8243; sticky_enabled=&#8220;0&#8243; url_new_window=&#8220;on&#8220;][\/et_pb_button][\/et_pb_column][\/et_pb_row][\/et_pb_section][et_pb_section fb_built=&#8220;1&#8243; _builder_version=&#8220;4.24.2&#8243; _module_preset=&#8220;_initial&#8220; background_color=&#8220;gcid-f08207dc-81fe-483d-8b83-802e8b3f5960&#8243; background_size=&#8220;custom&#8220; background_image_width=&#8220;30%&#8220; background_image_height=&#8220;75%&#8220; background_position=&#8220;top_right&#8220; background_horizontal_offset=&#8220;-14%&#8220; background_vertical_offset=&#8220;-93%&#8220; hover_enabled=&#8220;0&#8243; global_colors_info=&#8220;{%22gcid-f08207dc-81fe-483d-8b83-802e8b3f5960%22:%91%22background_color%22%93}&#8220; sticky_enabled=&#8220;0&#8243; background_enable_image=&#8220;off&#8220;][et_pb_row _builder_version=&#8220;4.24.2&#8243; _module_preset=&#8220;default&#8220;][et_pb_column _builder_version=&#8220;4.24.2&#8243; _module_preset=&#8220;default&#8220; type=&#8220;4_4&#8243;][et_pb_text _builder_version=&#8220;4.24.2&#8243; _module_preset=&#8220;default&#8220; hover_enabled=&#8220;0&#8243; sticky_enabled=&#8220;0&#8243;]<\/p>\n<h3>1. GELTUNGSBEREICH DER BEDINGUNGEN.<\/h3>\n<p>Diese allgemeinen Gesch\u00e4ftsbedingungen gelten f\u00fcr jede Lieferung von Kverneland Energi AS, sofern nicht schriftlich anders vereinbart. Erg\u00e4nzungen oder Abweichungen von diesen allgemeinen Bedingungen m\u00fcssen schriftlich vereinbart und in den Vertrag aufgenommen werden. <\/p>\n<p>Die Bedingungen gelten zusammen mit dem akzeptierten Angebot. Der Kauf unterliegt der Verbrauchergesetzgebung, einschlie\u00dflich, aber nicht beschr\u00e4nkt auf Gesetze \u00fcber Verbraucherk\u00e4ufe, Widerrufsrecht, Marketing, pers\u00f6nliche Daten und Kreditk\u00e4ufe. <\/p>\n<p>&nbsp;<\/p>\n<h3>2. PARTEIEN<\/h3>\n<p>Verk\u00e4ufer ist:<br \/>Kverneland Energi AS, Org.Nr. 918 376 607<br \/>Plogfabrikkvegen 15, 4353 Klepp Stasjon <br \/><a href=\"&#x6d;&#97;&#x69;&#x6c;t&#x6f;&#58;p&#x6f;&#115;t&#x40;&#107;&#x76;&#x65;r&#x6e;&#101;l&#x61;&#110;d&#x65;&#110;&#x65;&#x72;&#103;&#x69;&#x2e;n&#x6f;\">po&#115;&#116;&#64;&#x6b;&#x76;&#x65;&#x72;ne&#108;&#97;&#110;&#x64;&#x65;&#x6e;&#x65;rg&#105;&#46;&#110;&#x6f;<\/a> \u2013 Tel.: 51 42 70 00<\/p>\n<p>K\u00e4ufer ist:<br \/>Diejenige Person, die in der Bestellung als K\u00e4ufer angegeben ist<\/p>\n<h6>Subunternehmer<\/h6>\n<p>Kverneland Energi AS ist berechtigt, die Erf\u00fcllung ihrer vertraglichen Verpflichtungen ganz oder teilweise durch Subunternehmer ausf\u00fchren zu lassen. Die vertragliche Haftung der Parteien zueinander \u00e4ndert sich dadurch nicht. <\/p>\n<p>&nbsp;<\/p>\n<h3>3. MARKETING UND SOZIALE MEDIEN<\/h3>\n<p>Der Kunde erteilt Kverneland Energi AS das Recht, Bilder vom Eigentum des Kunden, der Solaranlage und dem Installationsprozess f\u00fcr Marketingma\u00dfnahmen, einschlie\u00dflich in sozialen und bezahlten Medien, frei zu verwenden.<\/p>\n<p>&nbsp;<\/p>\n<h3>4. DATENSCHUTZ<\/h3>\n<p>Kverneland Energi AS verarbeitet personenbezogene Daten in \u00dcbereinstimmung mit den geltenden rechtlichen und regulatorischen Anforderungen sowie etwaigen Ma\u00dfnahmen der \u00f6ffentlichen Beh\u00f6rden. Erfahren Sie mehr dar\u00fcber, wie Kverneland Energi AS personenbezogene Daten handhabt, in unserer Datenschutzrichtlinie. <\/p>\n<p>&nbsp;<\/p>\n<h3>5. BESTELL- UND VERTRAGSPROZESS<\/h3>\n<p>Die Bestellung ist bindend, sobald das Angebot des Verk\u00e4ufers vom K\u00e4ufer schriftlich angenommen wurde. Das Angebot muss sorgf\u00e4ltig gelesen werden. Fehler oder M\u00e4ngel, die der K\u00e4ufer als Schreibfehler erkannte oder h\u00e4tte erkennen m\u00fcssen, begr\u00fcnden unter keinen Umst\u00e4nden einen Anspruch gegen\u00fcber dem Verk\u00e4ufer. Es wird darauf hingewiesen, dass Schreib- oder Druckfehler auftreten k\u00f6nnen, was bedeuten kann, dass wir nicht gem\u00e4\u00df den in unserem Marketing oder auf andere Weise gemachten Angaben liefern k\u00f6nnen. Kverneland Energi beh\u00e4lt sich das Recht vor, die Preise anzupassen, um Kosten zu ber\u00fccksichtigen, die mit Wechselkurs\u00e4nderungen oder anderen Kosten zwischen dem Datum der Bestellung und dem Lieferdatum verbunden sind. Der K\u00e4ufer hat solche Erh\u00f6hungen zus\u00e4tzlich zu dem im Vertrag angegebenen Preis zu zahlen.     <\/p>\n<p>Weiterhin beh\u00e4lt sich der Verk\u00e4ufer das Recht vor, Ihre Bestellung oder einen Teil davon zu stornieren, wenn das Produkt ausverkauft oder nicht lieferbar ist.<\/p>\n<h6>K\u00fcndigung seitens des Kunden<\/h6>\n<p>Der Kunde kann die Installation bis zu 21 Tage nach Unterzeichnung des Kaufvertrags kostenlos stornieren.<\/p>\n<p>Wenn der Kunde die Installation vor dem vereinbarten Starttermin storniert, bis zu 10 %.<\/p>\n<p>Wenn der Kunde die Installation nach dem vereinbarten Starttermin storniert, hat der Kunde die Kosten f\u00fcr die durchgef\u00fchrten Arbeiten zu tragen, die nicht r\u00fcckg\u00e4ngig gemacht werden k\u00f6nnen.<\/p>\n<h6>Stornierung und K\u00fcndigung durch Kverneland Energi<\/h6>\n<p>Kverneland Energi kann den Vertrag k\u00fcndigen oder die Lieferung kostenfrei abbrechen, wenn die Installation aufgrund von Umst\u00e4nden, die au\u00dferhalb der Kontrolle von Kverneland Energi liegen und die den Installationsprozess erschweren oder zu erh\u00f6hten Kosten f\u00fchren, nicht abgeschlossen werden kann.<\/p>\n<p>&nbsp;<\/p>\n<h3>6. ALLGEMEINE PREISVORAUSSETZUNGEN<\/h3>\n<p>Von Kverneland Energi erstellte Preisangebote d\u00fcrfen ohne Zustimmung Dritten nicht vorgelegt, kopiert oder ausgeh\u00e4ndigt werden.<\/p>\n<p>Die Preise basieren darauf, dass die Installation unter normalen Bedingungen durchgef\u00fchrt wird, wobei folgende Voraussetzungen gelten:<\/p>\n<ol>\n<li>Das Geb\u00e4ude, in dem die Solaranlage installiert werden soll, ist zum vereinbarten Installationstermin fertig und zug\u00e4nglich. Beachten Sie, dass der tats\u00e4chliche Installationstermin aus unten genannten Gr\u00fcnden sp\u00e4ter liegen kann. <\/li>\n<li>Die Verkabelung vom Dach zum Wechselrichter und\/oder Sicherungskasten erfolgt \u00fcber die praktischste und kosteng\u00fcnstigste Route mit einer maximalen Kabell\u00e4nge von 50 Metern.<\/li>\n<li>Der Wechselrichter wird im selben Geb\u00e4ude, auf dem die Solarmodule montiert sind, installiert und an das Stromnetz angeschlossen, vorzugsweise au\u00dfen oder im selben oder angrenzenden Raum wie der Sicherungskasten.<\/li>\n<li>Verdeckte Verkabelung, ob innen oder au\u00dfen, ist nicht im Preis inbegriffen.<\/li>\n<li>Die Verwendung von Optimierern ist nicht im Preis inbegriffen, es sei denn, dies ist im Angebot angegeben.<\/li>\n<li>Vorhandene Kabelrohre werden nur verwendet, wenn diese f\u00fcr die im Projekt verwendete Ausr\u00fcstung geeignet und zweckm\u00e4\u00dfig sind.<\/li>\n<li>Das \u00f6ffentliche Netz und das Netz im Haus entsprechen den geltenden beh\u00f6rdlichen Anforderungen und verf\u00fcgen \u00fcber ausreichende Kapazit\u00e4t und Qualit\u00e4t, damit die Solaranlage ohne weitere Verbesserungen oder Anpassungen angeschlossen werden kann.<\/li>\n<li>Der Sicherungskasten entspricht den geltenden beh\u00f6rdlichen Anforderungen und bietet ausreichend Platz.<\/li>\n<li>Die Hauptsicherung, die elektrische Anlage und die Unterverteilung sind ausreichend dimensioniert.<\/li>\n<li>Die Installation erfolgt in dem Geb\u00e4ude, in dem sich der elektrische Haupteingang befindet. In F\u00e4llen, in denen die Installation in einem anderen Geb\u00e4ude durchgef\u00fchrt wird, k\u00f6nnen zus\u00e4tzliche Kosten aufgrund des Bedarfs an zus\u00e4tzlicher Verkabelung und\/oder Unterverteilung entstehen. <\/li>\n<li>Das Dach ist wasserdicht und in einem geeigneten Zustand und verf\u00fcgt \u00fcber eine solide Tragstruktur, die f\u00fcr die Montage und Befestigung der Solarmodule geeignet ist. Befindet sich das Dach oder das Grundst\u00fcck in einem Zustand, der eine sichere Installation der Solaranlage ohne umfangreiche Reparaturen oder Bauarbeiten nicht zul\u00e4sst, ist Kverneland Energi berechtigt, das Projekt ohne Haftungs\u00fcbernahme abzubrechen und dem Kunden eventuell entstandene Kosten in Rechnung zu stellen. <\/li>\n<li>Das Dach ist nicht mit Schiefer oder Gras gedeckt.<\/li>\n<li>Installationen mit versenkten Solarmodulen, sofern diese angeboten werden, werden separat bepreist, und der Preis beinhaltet die Entfernung von Dachziegeln und anderem Dachmaterial im jeweiligen Panelbereich. Bei der Installation auf einem neuen Dach m\u00fcssen die Dachlatten bereits angepasst und montiert sein. <\/li>\n<li>Spezielle Dachtypen, wie z. B. Dachmaterialien, die Asbest enthalten, werden separat bepreist. Kverneland Energi beh\u00e4lt sich das Recht vor, Projekte auf D\u00e4chern mit asbesthaltigen Materialien ohne Kosten f\u00fcr Kverneland Energi abzubrechen und zu stornieren. <\/li>\n<li>Die Spannungsqualit\u00e4t vom Netzbetreiber liegt im normalen Bereich, einschlie\u00dflich der Spannung von der Solaranlage. <\/li>\n<\/ol>\n<h6>Notwendige Genehmigungen<\/h6>\n<ul>\n<li>Der Kunde ist daf\u00fcr verantwortlich, die erforderlichen Genehmigungen und Zulassungen von den zust\u00e4ndigen Beh\u00f6rden einzuholen, bevor die Solaranlage installiert wird. Solche Genehmigungen k\u00f6nnen Baugenehmigungen von Stadt oder Gemeinde sowie eine Vereinbarung mit dem Stromversorger des Kunden \u00fcber den Verkauf und Kauf von \u00fcbersch\u00fcssigem Strom umfassen. <\/li>\n<li>Kverneland Energi vereinbart den Stromanschluss mit dem \u00f6rtlichen Netzbetreiber.<br \/>Kverneland Energi kann den Kunden mit Informationen unterst\u00fctzen, um bei eventuellen Genehmigungsverfahren zu helfen.<\/li>\n<\/ul>\n<h3>7. W\u00c4HREND DER INSTALLATION<\/h3>\n<ol>\n<li>Der Kunde hat Kverneland Energi ungehinderten Zugang zum Grundst\u00fcck des Kunden im Zusammenhang mit der Installation der Solaranlage zu gew\u00e4hrleisten.<\/li>\n<li>Kverneland Energi muss im Zusammenhang mit der Installation der Solaranlage ungehinderten Zugang zu Wasser und Elektrizit\u00e4t haben.<\/li>\n<li>Der Kunde hat alle beweglichen Hindernisse zu entfernen, Schnee zu r\u00e4umen und \u00e4hnliche Ma\u00dfnahmen durchzuf\u00fchren, die f\u00fcr den Zugang zum Eigentum des Kunden und die Durchf\u00fchrung der Installation erforderlich sind.<\/li>\n<li>Es d\u00fcrfen keine Hindernisse vorhanden sein, die den Zugang zum Dach einschr\u00e4nken oder erschweren, wie z. B. S\u00e4uleng\u00e4nge, Winterg\u00e4rten oder \u00e4hnliches. Verl\u00e4ngerte Montagezeiten aufgrund von eingeschr\u00e4nktem Zugang aufgrund von unbeweglichen Hindernissen, \u00fcber die nicht informiert wurde, k\u00f6nnen dem Kunden in Rechnung gestellt werden. <\/li>\n<li>Kostenerh\u00f6hungen aufgrund von eingeschr\u00e4nktem Zugang zum Eigentum des Kunden, zu Strom oder Wasser k\u00f6nnen dem Kunden in voller H\u00f6he in Rechnung gestellt werden.<\/li>\n<\/ol>\n<h3>8. ANPASSUNGEN UND KONFIGURATION<\/h3>\n<ol>\n<li>Anpassungen in Gr\u00f6\u00dfe (z. B. Anzahl der Module) und Konfiguration (z. B. Modultyp, Leistungsoptimierer, Wechselrichter) k\u00f6nnen vorkommen, wenn besondere Umst\u00e4nde auf dem Dach eine Reduzierung der von den Solarmodulen bedeckten Fl\u00e4che erfordern.<\/li>\n<li>\u00c4nderungen des geplanten Materials und der Ausr\u00fcstung f\u00fcr die Installation k\u00f6nnen vorkommen, wenn dies erforderlich ist, um \u00c4nderungen und Anpassungen der Installation vor Ort zu erm\u00f6glichen. Der Kunde akzeptiert, dass solche \u00c4nderungen nicht als Fehler oder mangelhafte Lieferung betrachtet werden. <\/li>\n<li>Kverneland Energi versucht, alle notwendigen \u00c4nderungen vor der Installation der Solaranlage zu ermitteln, aber manchmal k\u00f6nnen w\u00e4hrend der Installationsarbeiten kleinere \u00c4nderungen auftreten, und der Preis wird entsprechend reduziert oder erh\u00f6ht. Der Kunde wird \u00fcber solche \u00c4nderungen informiert und muss jede Preis\u00e4nderung, die 5 % \u00fcbersteigt, genehmigen. <\/li>\n<\/ol>\n<h3>9. LIEFERUNG, INBETRIEBNAHME UND DOKUMENTATION<\/h3>\n<ol>\n<li>Die Lieferung der Solaranlage bedeutet, dass alle Ger\u00e4te korrekt und funktionsf\u00e4hig installiert und getestet sind.<\/li>\n<li>Der Kunde ist daf\u00fcr verantwortlich, dass das Stromnetz auf dem Grundst\u00fcck bei Lieferung in Betrieb ist.<\/li>\n<li>Die Inbetriebnahme der Solaranlage, einschlie\u00dflich des Starts der Stromerzeugung, erfolgt nach Genehmigung durch die lokalen Beh\u00f6rden, wie z. B. den lokalen Netzbetreiber. In einigen F\u00e4llen ist es aufgrund von Anforderungen der lokalen Beh\u00f6rden oder Netzbetreiber nicht m\u00f6glich, die Installation zum Zeitpunkt der Lieferung in Betrieb zu nehmen. <\/li>\n<li>Einige Netzbetreiber verlangen, dass der Stromz\u00e4hler des Kunden vor der Inbetriebnahme der Solaranlage ausgetauscht wird. Der Netzbetreiber ist allein f\u00fcr diesen Prozess verantwortlich, und Kverneland Energi AS \u00fcbernimmt keine Verantwortung f\u00fcr eventuelle Verz\u00f6gerungen bei der Stromproduktion der Solaranlage, die auf den Austausch des Stromz\u00e4hlers durch den Netzbetreiber zur\u00fcckzuf\u00fchren sind. <\/li>\n<li>Kverneland Energi unterst\u00fctzt bei der Inbetriebnahme der Solaranlage nach der Lieferung.<\/li>\n<li>Kverneland Energi stellt dem Kunden die Dokumentation der Solaranlage zur Verf\u00fcgung. Die Dokumentation wird elektronisch geliefert und umfasst Produktdatenbl\u00e4tter, Benutzerhandb\u00fccher und Konformit\u00e4tsdokumente. <\/li>\n<li>Der Kunde akzeptiert, dass die Solaranlage vollst\u00e4ndig ist, wenn die Lieferung abgeschlossen und die Dokumentation \u00fcbergeben wurde.<\/li>\n<\/ol>\n<h3>10. DATEN UND ANSCHLUSS<\/h3>\n<ol>\n<li>Der Anschluss der Solaranlage an das Internet setzt voraus, dass der Kunde \u00fcber eine verf\u00fcgbare WLAN-Abdeckung verf\u00fcgt, wo der Wechselrichter installiert ist, und dass der Name und das Passwort des WLAN-Netzwerks dem Installateur w\u00e4hrend der Installation zur Verf\u00fcgung gestellt werden.<\/li>\n<li>Es liegt in der Verantwortung des Kunden, dass die Internetverbindung funktioniert und dass der\/die Wechselrichter mit dem richtigen Passwort konfiguriert sind. Kverneland Energi ist nicht verantwortlich f\u00fcr die Fehlerbehebung im Zusammenhang mit der Internetverbindung. <\/li>\n<li>Kverneland Energi hilft dem Kunden bei der Registrierung der Solaranlage auf dem Webportal des Wechselrichterherstellers. Die Erfassung, Speicherung und Nutzung von Daten auf dem Portal des Herstellers unterliegt den vom jeweiligen Hersteller festgelegten Gesch\u00e4ftsbedingungen und ist ausschlie\u00dflich eine Angelegenheit zwischen dem Hersteller und dem Kunden. Der Kunde erteilt dem Wechselrichterhersteller au\u00dferdem das Recht, die auf dem Webportal verf\u00fcgbaren Daten mit Kverneland Energi zu teilen. Kunden, die nicht m\u00f6chten, dass die Solaranlage auf dem Webportal des Wechselrichterherstellers registriert wird, m\u00fcssen dies ausdr\u00fccklich mitteilen.   <\/li>\n<li>Kverneland Energi ist berechtigt, Produktionsdaten der Solaranlage nach eigenem Ermessen zu sammeln, zu speichern und zu verwenden.<\/li>\n<\/ol>\n<h3>11. SYSTEMBEDINGUNGEN<\/h3>\n<ol>\n<li>Die Solaranlage ist zwischen der nominalen Gleichstromleistung der Solarmodule und der Wechselstromleistung des Wechselrichters ausgeglichen.<\/li>\n<li>Die Gr\u00f6\u00dfe und die angegebene Leistung der Anlage sind mit der nominalen Gleichstromleistung der Solarmodule verbunden.<\/li>\n<li>Der Installateur wird im Rahmen der Projektierung beurteilen, welcher Wechselrichter f\u00fcr das Projekt am besten geeignet ist. Da die meisten Wechselrichter bei hoher Auslastung effizienter sind, wird der Wechselrichter in vielen F\u00e4llen etwas niedriger dimensioniert als der nominale Gleichstrom von allen Solarmodulen zusammen. Dies geschieht, um die j\u00e4hrliche Energieerzeugung der Anlage zu optimieren, und kann dazu f\u00fchren, dass die Spitzenproduktion der Solaranlage an besonders sonnigen Tagen etwas geringer ist als sonst m\u00f6glich w\u00e4re.  <\/li>\n<li>Ger\u00e4usche von der Solaranlage k\u00f6nnen als Ergebnis von K\u00fchlventilatoren und\/oder Kopplungskomponenten in den Wechselrichtern auftreten.<\/li>\n<\/ol>\n<h3>12. VERKAUF VON STROM\u00dcBERSCHUSS<\/h3>\n<p>Der Kunde ist Eigent\u00fcmer des von der Solaranlage erzeugten Stroms. Kverneland Energi AS ist nicht f\u00fcr den Verkauf von \u00fcbersch\u00fcssigem Strom verantwortlich. <\/p>\n<p>&nbsp;<\/p>\n<h3>13. LEISTUNGSGARANTIE<\/h3>\n<ol>\n<li>Kverneland Energi garantiert, dass die Solaranlage die angegebene Nenn-Gleichstromleistung aufweist, gibt jedoch keine Garantie bez\u00fcglich der Stromproduktion.<\/li>\n<li>Die von Kverneland Energi angegebene gesch\u00e4tzte Stromproduktion basiert auf der Systemleistung und verf\u00fcgbaren Datenbanken f\u00fcr Sonneneinstrahlung, Klimadaten und Informationen zum Installationsort. Die tats\u00e4chliche Stromproduktion variiert im Laufe der Zeit und kann durch lokale Wetterbedingungen sowie Schatten von Vegetation, angrenzenden Geb\u00e4uden oder anderen Elementen am Standort beeinflusst werden. Schatten von Geb\u00e4udeelementen, nahegelegenen Geb\u00e4uden, Vegetation oder \u00c4hnlichem sind in den Berechnungen nicht ber\u00fccksichtigt.  <\/li>\n<li>Alle Produkte sind anf\u00e4llig f\u00fcr Verschlei\u00df, was im Laufe der Zeit zu einer reduzierten Leistung und Produktion f\u00fchren kann. Eine Reduzierung der Stromerzeugung aufgrund von normalem Verschlei\u00df oder die innerhalb der vom Hersteller angegebenen Daten f\u00fcr maximalen Qualit\u00e4tsverlust liegt, ist zu erwarten. <\/li>\n<li>Jede Produktgarantie, die direkt vom Hersteller angeboten wird, ist eine Angelegenheit zwischen dem Kunden und dem Hersteller. Beachten Sie, dass solche Produktgarantien voraussetzen k\u00f6nnen, dass der Kunde das Produkt gem\u00e4\u00df den Verfahren des Herstellers registriert. <\/li>\n<\/ol>\n<p>Die Solaranlage ist nicht die prim\u00e4re Stromquelle des Kunden. Kverneland Energi ist daher nicht verantwortlich f\u00fcr Verluste, die direkt oder indirekt durch Stromausf\u00e4lle verursacht werden. Bei einem Stromausfall des Netzes schaltet sich die Solaranlage gem\u00e4\u00df den geltenden Vorschriften ab.   <\/p>\n<p>&nbsp;<\/p>\n<h3>14. BETRIEB UND WARTUNG<\/h3>\n<p>Betriebs- und Wartungsdokumentation f\u00fcr die Lieferung wird bereitgestellt, sofern dies vereinbart wurde. Datenbl\u00e4tter und Produktinformationen, die den gelieferten Produkten beiliegen, werden ebenfalls geliefert. Kverneland Energi AS kann auf Anfrage des Kunden Dokumentationen f\u00fcr Produkte liefern, bei denen dies normalerweise nicht der Fall ist. Der Kunde ist verpflichtet, die Anweisungen f\u00fcr Betrieb und Wartung zu befolgen. Kverneland Energi AS ist nicht verantwortlich f\u00fcr Sch\u00e4den usw., die durch unsachgem\u00e4\u00dfe Verwendung oder Wartung der Lieferung entstehen.    <\/p>\n<p>Alle Arbeiten an der Solaranlage m\u00fcssen von autorisiertem Personal durchgef\u00fchrt werden. Kverneland Energi ist nicht verantwortlich f\u00fcr Verluste, die direkt oder indirekt durch Reparaturen und Wartungsarbeiten, die von unbefugtem Personal durchgef\u00fchrt wurden, verursacht werden. <\/p>\n<p>Kverneland Energi empfiehlt den Abschluss eines Servicevertrags f\u00fcr die Solaranlage.<\/p>\n<p>&nbsp;<\/p>\n<h3>15. FAKTURierung UND BEZAHLUNG<\/h3>\n<ol>\n<li>Die Standardzahlungsbedingungen sind Vorauszahlung. Bei versp\u00e4teter Zahlung hat der Kunde Verzugszinsen gem\u00e4\u00df den geltenden Gesetzen \u00fcber versp\u00e4tete Zahlungen zu zahlen. <\/li>\n<li>Kverneland Energi AS hat ein Verk\u00e4uferpfandrecht an der Lieferung f\u00fcr den Angebotspreis und f\u00fcr Anspr\u00fcche aus eventuellen anderen Leistungen, gem\u00e4\u00df den Bestimmungen der \u00a7\u00a7 314 bis 322 des Pfandgesetzes. Solange Kverneland Energi AS ein Verk\u00e4uferpfandrecht an der Lieferung hat, ist der Kunde daf\u00fcr verantwortlich, die Ausr\u00fcstung ordnungsgem\u00e4\u00df zu warten. <\/li>\n<li>Kverneland Energi ist nicht verantwortlich f\u00fcr Antr\u00e4ge auf oder Genehmigungen von nationalen oder lokalen Zusch\u00fcssen oder F\u00f6rderprogrammen im Namen des Kunden. Preise k\u00f6nnen brutto oder netto von Zusch\u00fcssen angegeben werden. Der Kunde ist immer f\u00fcr den Bruttopreis bei Lieferung der Solaranlage verantwortlich.   <\/li>\n<\/ol>\n<h3>16. GARANTIE UND REKLAMATION<\/h3>\n<p>Unsere Garantien beinhalten keine Einschr\u00e4nkungen des Reklamationsrechts f\u00fcr Waren nach Kaufgesetz und Verbraucherkaufgesetz.<\/p>\n<p>Der K\u00e4ufer kann nicht auf eigene Initiative Ma\u00dfnahmen ergreifen, um einen Mangel an der Anlage zu beheben. Wenn dies geschieht, erlischt die Garantie auf die Anlage. <\/p>\n<p>Die Garantiezeit beginnt mit der Fertigstellung der Solaranlage gem\u00e4\u00df Punkt 9 dieser Bedingungen. <\/p>\n<p>&nbsp;<\/p>\n<h3>17. H\u00d6HERE GEWALT<\/h3>\n<p>Kverneland Energi haftet nicht f\u00fcr Lieferverz\u00f6gerungen oder f\u00fcr die vollst\u00e4ndige oder teilweise Nichtlieferung oder Nichterf\u00fcllung, die durch Umst\u00e4nde au\u00dferhalb der Kontrolle von Kverneland Energi oder der Lieferanten von Kverneland Energi verursacht werden, einschlie\u00dflich, aber nicht beschr\u00e4nkt auf, eines oder mehrere der folgenden: Brand; Streik; Aussperrung; Arbeitskonflikte; Epidemien; \u00dcberschwemmung; Unfall; Transportverz\u00f6gerungen; Krieg; Handelsblockade; Besuchsverbotsentscheidungen eines Gerichts oder Richters; oder jede andere vern\u00fcnftige Ursache, sei sie \u00e4hnlich oder un\u00e4hnlich den hier bereits genannten. Das Eintreten einer oder mehrerer solcher Ursachen f\u00fcr Verz\u00f6gerungen verl\u00e4ngert die Leistungszeit um die Zeit oder die Zeiten jeder Ursache oder Ursachen f\u00fcr Verz\u00f6gerungen. <\/p>\n<p>&nbsp;<\/p>\n<h3>18. STREITIGKEITEN<\/h3>\n<p>Diese Bedingungen und alle zugeh\u00f6rigen Kaufvertr\u00e4ge unterliegen norwegischem Recht. Es ist zu versuchen, Streitigkeiten \u00fcber diesen Vertrag g\u00fctlich beizulegen. Wenn eine g\u00fctliche Beilegung von Streitigkeiten nicht gelingt, ist das Amtsgericht Stavanger Gerichtsstand f\u00fcr eventuelle Streitigkeiten.  <\/p>\n<p>[\/et_pb_text][\/et_pb_column][\/et_pb_row][\/et_pb_section]<\/p>\n","protected":false},"excerpt":{"rendered":"<p>Verkaufsbedingungen f\u00fcr Kverneland Energi<\/p>\n","protected":false},"author":1,"featured_media":384251,"parent":0,"menu_order":0,"comment_status":"closed","ping_status":"closed","template":"","meta":{"_acf_changed":false,"_et_pb_use_builder":"on","_et_pb_old_content":"","_et_gb_content_width":"","footnotes":""},"class_list":["post-384464","page","type-page","status-publish","has-post-thumbnail","hentry"],"acf":[],"_links":{"self":[{"href":"https:\/\/kvernelandenergi.no\/de\/wp-json\/wp\/v2\/pages\/384464","targetHints":{"allow":["GET"]}}],"collection":[{"href":"https:\/\/kvernelandenergi.no\/de\/wp-json\/wp\/v2\/pages"}],"about":[{"href":"https:\/\/kvernelandenergi.no\/de\/wp-json\/wp\/v2\/types\/page"}],"author":[{"embeddable":true,"href":"https:\/\/kvernelandenergi.no\/de\/wp-json\/wp\/v2\/users\/1"}],"replies":[{"embeddable":true,"href":"https:\/\/kvernelandenergi.no\/de\/wp-json\/wp\/v2\/comments?post=384464"}],"version-history":[{"count":0,"href":"https:\/\/kvernelandenergi.no\/de\/wp-json\/wp\/v2\/pages\/384464\/revisions"}],"wp:featuredmedia":[{"embeddable":true,"href":"https:\/\/kvernelandenergi.no\/de\/wp-json\/wp\/v2\/media\/384251"}],"wp:attachment":[{"href":"https:\/\/kvernelandenergi.no\/de\/wp-json\/wp\/v2\/media?parent=384464"}],"curies":[{"name":"wp","href":"https:\/\/api.w.org\/{rel}","templated":true}]}}