{"id":384382,"date":"2024-03-17T21:12:54","date_gmt":"2024-03-17T20:12:54","guid":{"rendered":"https:\/\/kvernelandenergi.no\/transparenzgesetz\/"},"modified":"2026-02-04T15:54:42","modified_gmt":"2026-02-04T14:54:42","slug":"transparenzgesetz","status":"publish","type":"page","link":"https:\/\/kvernelandenergi.no\/de\/transparenzgesetz\/","title":{"rendered":"Transparenzgesetz"},"content":{"rendered":"<p>[et_pb_section fb_built=&#8220;1&#8243; _builder_version=&#8220;4.27.4&#8243; _module_preset=&#8220;8bdff294-2576-4e32-83a4-cf0cd407d4aa&#8220; background_color_gradient_stops=&#8220;rgba(8,15,34,0.5) 0%|rgba(8,15,34,0.55) 36%|#080f22 100%&#8220; background_image=&#8220;https:\/\/kvernelandenergi.no\/wp-content\/uploads\/K2A1735-scaled.jpg&#8220; hover_enabled=&#8220;0&#8243; background_last_edited=&#8220;on|phone&#8220; background_position_phone=&#8220;center_left&#8220; global_colors_info=&#8220;{}&#8220; title_text=&#8220;_K2A1735&#8243; sticky_enabled=&#8220;0&#8243;][et_pb_row _builder_version=&#8220;4.23.1&#8243; _module_preset=&#8220;2d0c526e-bd7a-4599-b5a6-43b0ac398f2a&#8220; global_colors_info=&#8220;{}&#8220;][et_pb_column type=&#8220;4_4&#8243; _builder_version=&#8220;4.21.0&#8243; _module_preset=&#8220;default&#8220; global_colors_info=&#8220;{}&#8220;][et_pb_text _builder_version=&#8220;4.24.2&#8243; _module_preset=&#8220;ad508cc4-1fb0-4b18-bc10-c96ef5aab779&#8243; global_colors_info=&#8220;{}&#8220;]<\/p>\n<p><a href=\"https:\/\/kvernelandenergi.no\/de\/ueber-uns\/\">Kverneland Energi<\/a> \/ <strong>\u00c5penhetsloven<\/strong><\/p>\n<p>[\/et_pb_text][et_pb_text _builder_version=&#8220;4.24.2&#8243; _module_preset=&#8220;4fa21ccd-d91c-4b65-8118-fb0036758eef&#8220; max_width=&#8220;1300px&#8220; global_colors_info=&#8220;{}&#8220;]<\/p>\n<h1>Transparenzgesetz<\/h1>\n<p>[\/et_pb_text][et_pb_text _builder_version=&#8220;4.24.2&#8243; _module_preset=&#8220;8187adc4-5094-4dcb-a7b4-060e107914ae&#8220; max_width=&#8220;800px&#8220; global_colors_info=&#8220;{}&#8220;]<\/p>\n<p>Kverneland Energi arbeitet daran, grundlegende Menschenrechte und menschenw\u00fcrdige Arbeitsbedingungen in allen Bereichen des Unternehmens zu gew\u00e4hrleisten. Die Informationen, die Sie ben\u00f6tigen, finden Sie in unserer Erkl\u00e4rung zur Sorgfaltspr\u00fcfung. <\/p>\n<p>[\/et_pb_text][et_pb_button button_url=&#8220;#id-1&#8243; button_text=&#8220;Mehr erfahren&#8220; _builder_version=&#8220;4.24.2&#8243; _module_preset=&#8220;default&#8220; global_colors_info=&#8220;{}&#8220;][\/et_pb_button][\/et_pb_column][\/et_pb_row][\/et_pb_section][et_pb_section fb_built=&#8220;1&#8243; module_id=&#8220;id-1&#8243; _builder_version=&#8220;4.24.2&#8243; _module_preset=&#8220;_initial&#8220; background_color=&#8220;#315869&#8243; background_image=&#8220;https:\/\/kvernelandenergi.no\/wp-content\/uploads\/\/symbol_gronn_gradert_10_10.svg&#8220; background_size=&#8220;custom&#8220; background_image_width=&#8220;25%&#8220; background_image_height=&#8220;60%&#8220; background_position=&#8220;top_left&#8220; background_horizontal_offset=&#8220;7%&#8220; background_vertical_offset=&#8220;-56%&#8220; background_blend=&#8220;luminosity&#8220; global_colors_info=&#8220;{}&#8220;][et_pb_row column_structure=&#8220;1_2,1_2&#8243; _builder_version=&#8220;4.24.2&#8243; _module_preset=&#8220;default&#8220; max_width=&#8220;1480px&#8220; global_colors_info=&#8220;{}&#8220;][et_pb_column type=&#8220;1_2&#8243; _builder_version=&#8220;4.24.2&#8243; _module_preset=&#8220;default&#8220; animation_style=&#8220;slide&#8220; animation_direction=&#8220;left&#8220; animation_intensity_slide=&#8220;1%&#8220; global_colors_info=&#8220;{}&#8220;][et_pb_text _builder_version=&#8220;4.24.2&#8243; _module_preset=&#8220;_initial&#8220; header_2_text_color=&#8220;#FFCC00&#8243; max_width=&#8220;1100px&#8220; global_colors_info=&#8220;{}&#8220;]<\/p>\n<h2>So arbeiten wir mit dem Transparenzgesetz<\/h2>\n<p>[\/et_pb_text][et_pb_text _builder_version=&#8220;4.24.2&#8243; _module_preset=&#8220;_initial&#8220; text_text_color=&#8220;gcid-f08207dc-81fe-483d-8b83-802e8b3f5960&#8243; global_colors_info=&#8220;{%22gcid-f08207dc-81fe-483d-8b83-802e8b3f5960%22:%91%22text_text_color%22%93}&#8220;]<\/p>\n<p>Kverneland Energi unterst\u00fctzt eine Gesetzgebung, die die Achtung der grundlegenden Menschenrechte und menschenw\u00fcrdige Arbeit f\u00f6rdert.<\/p>\n<p>Seit der Gr\u00fcndung im Jahr 2017 steht die Arbeit mit Nachhaltigkeit im Mittelpunkt unserer Arbeit. Dazu geh\u00f6ren auch die Bereiche, die das Transparenzgesetz f\u00f6rdert. Daher sind die Arbeit mit sozialer Verantwortung, Arbeitsbedingungen und Nachhaltigkeit von zentraler Bedeutung bei der Auswahl unserer Lieferanten.  <\/p>\n<p>Das Transparenzgesetz stellt hohe Anforderungen daran, wie wir als Unternehmen eine Sorgfaltspr\u00fcfung mit einer \u00f6ffentlich zug\u00e4nglichen Erkl\u00e4rung durchf\u00fchren m\u00fcssen.<\/p>\n<p>[\/et_pb_text][\/et_pb_column][et_pb_column type=&#8220;1_2&#8243; _builder_version=&#8220;4.24.2&#8243; _module_preset=&#8220;default&#8220; animation_style=&#8220;slide&#8220; animation_direction=&#8220;right&#8220; animation_intensity_slide=&#8220;1%&#8220; global_colors_info=&#8220;{}&#8220;][et_pb_image src=&#8220;https:\/\/kvernelandenergi.no\/wp-content\/uploads\/2500-Kverneland-Energi-_K2A6724.jpg&#8220; title_text=&#8220;2500 Kverneland Energi K2A6724&#8243; _builder_version=&#8220;4.27.4&#8243; _module_preset=&#8220;default&#8220; border_radii=&#8220;on|10px|10px|10px|10px&#8220; global_colors_info=&#8220;{}&#8220;][\/et_pb_image][\/et_pb_column][\/et_pb_row][\/et_pb_section][et_pb_section fb_built=&#8220;1&#8243; _builder_version=&#8220;4.23.1&#8243; _module_preset=&#8220;default&#8220; background_color=&#8220;gcid-a105fd0a-71a2-4553-959c-5d86e07872d6&#8243; global_colors_info=&#8220;{%22gcid-a105fd0a-71a2-4553-959c-5d86e07872d6%22:%91%22background_color%22%93}&#8220;][et_pb_row column_structure=&#8220;1_2,1_2&#8243; _builder_version=&#8220;4.24.2&#8243; _module_preset=&#8220;default&#8220; max_width=&#8220;1480px&#8220; animation_direction=&#8220;left&#8220; global_colors_info=&#8220;{}&#8220;][et_pb_column type=&#8220;1_2&#8243; _builder_version=&#8220;4.24.2&#8243; _module_preset=&#8220;default&#8220; animation_style=&#8220;slide&#8220; animation_direction=&#8220;left&#8220; animation_intensity_slide=&#8220;1%&#8220; global_colors_info=&#8220;{}&#8220;][et_pb_text _builder_version=&#8220;4.24.2&#8243; _module_preset=&#8220;_initial&#8220; header_2_text_color=&#8220;#FFCC00&#8243; header_3_text_color=&#8220;#164353&#8243; max_width=&#8220;1100px&#8220; global_colors_info=&#8220;{}&#8220;]<\/p>\n<h3>Nachverfolgung unserer Lieferanten<\/h3>\n<p>[\/et_pb_text][et_pb_text _builder_version=&#8220;4.27.4&#8243; _module_preset=&#8220;default&#8220; header_4_text_color=&#8220;#FFCC00&#8243; max_width=&#8220;1220px&#8220; global_colors_info=&#8220;{}&#8220;]<\/p>\n<p>Kverneland Energi arbeitet kontinuierlich daran sicherzustellen, dass unsere Aktivit\u00e4ten und die unserer Lieferanten und Partner keine Verletzungen der grundlegenden Menschenrechte und menschenw\u00fcrdigen Arbeitsbedingungen verursachen. Wir beschaffen daher Informationen, damit wir das Risiko beurteilen k\u00f6nnen, dass unsere Lieferanten und Partner verantwortungsbewusst arbeiten. <\/p>\n<p>Wir haben eigene Verfahren eingerichtet, um Ma\u00dfnahmen zu ergreifen, wenn bei unseren Lieferanten kritikw\u00fcrdige Zust\u00e4nde festgestellt werden. Bisher wurden keine kritikw\u00fcrdigen Zust\u00e4nde festgestellt, die Ma\u00dfnahmen von unserer Seite erfordern. <\/p>\n<p>Lesen Sie unsere Erkl\u00e4rung f\u00fcr weitere Informationen.<\/p>\n<p>[\/et_pb_text][et_pb_button button_url=&#8220;https:\/\/kvernelandenergi.no\/wp-content\/uploads\/Redegjorelse_2025-Apenhetsloven-signert.pdf&#8220; url_new_window=&#8220;on&#8220; button_text=&#8220;Lesen Sie die Erkl\u00e4rung (PDF)&#8220; _builder_version=&#8220;4.27.4&#8243; _module_preset=&#8220;default&#8220; button_use_icon=&#8220;on&#8220; button_icon=&#8220;&#xf1c1;||fa||400&#8243; custom_padding=&#8220;12px|20px|13px|40px|false|false&#8220; global_colors_info=&#8220;{}&#8220;][\/et_pb_button][\/et_pb_column][et_pb_column type=&#8220;1_2&#8243; _builder_version=&#8220;4.24.2&#8243; _module_preset=&#8220;default&#8220; animation_style=&#8220;slide&#8220; animation_direction=&#8220;right&#8220; animation_intensity_slide=&#8220;1%&#8220; global_colors_info=&#8220;{}&#8220;][et_pb_text _builder_version=&#8220;4.24.2&#8243; _module_preset=&#8220;_initial&#8220; header_2_text_color=&#8220;#FFCC00&#8243; header_3_text_color=&#8220;#164353&#8243; max_width=&#8220;1100px&#8220; global_colors_info=&#8220;{}&#8220;]<\/p>\n<h3>Holen Sie sich die gew\u00fcnschten Informationen<\/h3>\n<p>[\/et_pb_text][et_pb_text _builder_version=&#8220;4.24.2&#8243; _module_preset=&#8220;default&#8220; header_4_text_color=&#8220;#FFCC00&#8243; max_width=&#8220;1220px&#8220; global_colors_info=&#8220;{}&#8220;]<\/p>\n<p>Wir werden offen \u00fcber unsere Arbeit zur Sicherstellung grundlegender Menschenrechte und menschenw\u00fcrdiger Arbeitsbedingungen in allen Bereichen des Unternehmens sprechen.<\/p>\n<p>Wenn Sie mehr Informationen w\u00fcnschen, als wir in der Erkl\u00e4rung geschrieben haben, senden Sie eine E-Mail an <a href=\"&#109;&#x61;&#x69;l&#116;&#x6f;&#x3a;a&#97;&#x70;e&#110;&#x68;&#x65;t&#115;&#x6c;o&#118;&#x65;&#x6e;&#64;&#107;&#x76;&#x65;&#114;&#x6e;&#x65;l&#97;&#x6e;&#x64;e&#110;&#x65;r&#103;&#x69;&#x2e;n&#111;\">&#97;&#x61;&#112;&#x65;&#110;&#x68;&#101;&#x74;&#115;&#x6c;&#111;&#x76;e&#x6e;&#64;&#x6b;v&#x65;r&#x6e;e&#x6c;a&#110;&#x64;&#101;&#x6e;&#101;&#x72;&#103;&#x69;&#46;&#x6e;&#111;.<\/a> <\/p>\n<p>Sie erhalten sp\u00e4testens innerhalb von drei Wochen eine Antwort.<\/p>\n<p>[\/et_pb_text][et_pb_button button_url=&#8220;&#109;&#97;&#x69;l&#116;&#x6f;&#x3a;a&#97;&#x70;&#x65;n&#104;&#x65;&#x74;s&#108;&#x6f;&#x76;e&#110;&#x40;&#x6b;v&#101;&#x72;n&#101;&#108;&#x61;n&#100;&#x65;&#x6e;e&#114;&#x67;&#x69;&#46;&#110;&#x6f;&#8220; button_text=&#8220;Kontaktieren Sie uns zum Transparenzgesetz&#8220; _builder_version=&#8220;4.24.2&#8243; _module_preset=&#8220;default&#8220; global_colors_info=&#8220;{}&#8220;][\/et_pb_button][\/et_pb_column][\/et_pb_row][\/et_pb_section][et_pb_section fb_built=&#8220;1&#8243; module_id=&#8220;kontakt&#8220; _builder_version=&#8220;4.23.1&#8243; _module_preset=&#8220;_initial&#8220; background_color=&#8220;#315869&#8243; global_colors_info=&#8220;{}&#8220;][et_pb_row column_structure=&#8220;1_2,1_2&#8243; _builder_version=&#8220;4.24.2&#8243; _module_preset=&#8220;default&#8220; max_width=&#8220;1480px&#8220; global_colors_info=&#8220;{}&#8220;][et_pb_column type=&#8220;1_2&#8243; _builder_version=&#8220;4.23.1&#8243; _module_preset=&#8220;default&#8220; custom_padding=&#8220;|10%|||false|false&#8220; animation_style=&#8220;slide&#8220; animation_direction=&#8220;left&#8220; animation_intensity_slide=&#8220;1%&#8220; global_colors_info=&#8220;{}&#8220;][et_pb_text _builder_version=&#8220;4.23.1&#8243; _module_preset=&#8220;_initial&#8220; header_2_text_color=&#8220;#FFCC00&#8243; global_colors_info=&#8220;{}&#8220;]<\/p>\n<h2>Kontaktieren Sie uns<\/h2>\n<p>[\/et_pb_text][et_pb_text _builder_version=&#8220;4.23.1&#8243; _module_preset=&#8220;9d980eb5-e0c8-4ce7-8463-0a991af37b4a&#8220; text_text_color=&#8220;gcid-93ed757f-0d1d-4a41-a161-c8b1b196b1f7&#8243; max_width=&#8220;1100px&#8220; global_colors_info=&#8220;{%22gcid-93ed757f-0d1d-4a41-a161-c8b1b196b1f7%22:%91%22text_text_color%22%93}&#8220;]<\/p>\n<p>M\u00f6chten Sie mehr \u00fcber unsere Arbeit mit dem Transparenzgesetz und der Sorgfaltspr\u00fcfung erfahren? Senden Sie uns eine Nachricht, und wir werden uns so schnell wie m\u00f6glich bei Ihnen melden.<\/p>\n<p>[\/et_pb_text][\/et_pb_column][et_pb_column type=&#8220;1_2&#8243; _builder_version=&#8220;4.23.1&#8243; _module_preset=&#8220;default&#8220; animation_style=&#8220;slide&#8220; animation_direction=&#8220;right&#8220; animation_intensity_slide=&#8220;1%&#8220; global_colors_info=&#8220;{}&#8220;][et_pb_code _builder_version=&#8220;4.23.1&#8243; _module_preset=&#8220;default&#8220; custom_margin=&#8220;||||false|false&#8220; custom_margin_tablet=&#8220;||50px||false|false&#8220; custom_margin_phone=&#8220;||50px||false|false&#8220; custom_margin_last_edited=&#8220;on|tablet&#8220; global_colors_info=&#8220;{}&#8220;]<div class=\"frm_forms  with_frm_style frm_style_kverneland-energi\" id=\"frm_form_2_container\" >\n<form enctype=\"multipart\/form-data\" method=\"post\" class=\"frm-show-form  frm_js_validate  frm_ajax_submit  frm_pro_form \" id=\"form_atxab\" >\n<div class=\"frm_form_fields \">\n<fieldset>\n<legend class=\"frm_hidden\">M\u00f6chten Sie mehr erfahren<\/legend>\r\n\r\n<div class=\"frm_fields_container\">\n<input type=\"hidden\" name=\"frm_action\" value=\"create\" \/>\n<input type=\"hidden\" name=\"form_id\" value=\"2\" \/>\n<input type=\"hidden\" name=\"frm_hide_fields_2\" id=\"frm_hide_fields_2\" value=\"\" \/>\n<input type=\"hidden\" name=\"form_key\" value=\"atxab\" \/>\n<input type=\"hidden\" name=\"item_meta[0]\" value=\"\" \/>\n<input type=\"hidden\" id=\"frm_submit_entry_2\" name=\"frm_submit_entry_2\" value=\"6969b8418e\" \/><input type=\"hidden\" name=\"_wp_http_referer\" value=\"\/de\/wp-json\/wp\/v2\/pages\/384382\" \/><div id=\"frm_field_7_container\" class=\"frm_form_field form-field  frm_required_field frm_none_container frm6 frm_first\">\r\n    <label for=\"field_u3mo0\" class=\"frm_primary_label\">Name\r\n        <span class=\"frm_required\"><\/span>\r\n    <\/label>\r\n    <input  type=\"text\" id=\"field_u3mo0\" name=\"item_meta[7]\" value=\"\"  placeholder=\"Navn *\" data-reqmsg=\"Dieses Feld darf nicht leer sein.\" aria-required=\"true\" data-invmsg=\"Navn is invalid\" aria-invalid=\"false\"   \/>\r\n    \r\n    \r\n<\/div>\n<div id=\"frm_field_59_container\" class=\"frm_form_field form-field  frm_required_field frm_none_container frm6\">\r\n    <label for=\"field_p7b2v\" id=\"field_p7b2v_label\" class=\"frm_primary_label\">Unternehmen\r\n        <span class=\"frm_required\" aria-hidden=\"true\">*<\/span>\r\n    <\/label>\r\n    <input  type=\"text\" id=\"field_p7b2v\" name=\"item_meta[59]\" value=\"\"  placeholder=\"Bedrift *\" data-reqmsg=\"Dette feltet kan ikke v\u00e6re tomt\" aria-required=\"true\" data-invmsg=\"Tekst is invalid\" aria-invalid=\"false\"   \/>\r\n    \r\n    \r\n<\/div>\n<div id=\"frm_field_8_container\" class=\"frm_form_field form-field  frm_required_field frm_none_container frm_half frm_first\">\r\n    <label for=\"field_mhm1r\" class=\"frm_primary_label\">Telefon\r\n        <span class=\"frm_required\"><\/span>\r\n    <\/label>\r\n    <input  type=\"text\" id=\"field_mhm1r\" name=\"item_meta[8]\" value=\"\"  placeholder=\"Telefon *\" data-reqmsg=\"Dieses Feld darf nicht leer sein.\" aria-required=\"true\" data-invmsg=\"Telefon is invalid\" aria-invalid=\"false\"   \/>\r\n    \r\n    \r\n<\/div>\n<div id=\"frm_field_9_container\" class=\"frm_form_field form-field  frm_required_field frm_none_container frm_half\">\r\n    <label for=\"field_d62pw\" class=\"frm_primary_label\">E-Mail\r\n        <span class=\"frm_required\"><\/span>\r\n    <\/label>\r\n    <input type=\"email\" id=\"field_d62pw\" name=\"item_meta[9]\" value=\"\"  placeholder=\"E-post *\" data-reqmsg=\"Dieses Feld darf nicht leer sein.\" aria-required=\"true\" data-invmsg=\"Ung\u00fcltige E-Mail-Adresse\" aria-invalid=\"false\"  \/>\r\n    \r\n    \r\n<\/div>\n<div id=\"frm_field_10_container\" class=\"frm_form_field form-field  frm_required_field frm_none_container frm_full\">\r\n    <label for=\"field_g9wmj\" class=\"frm_primary_label\">Nachricht\r\n        <span class=\"frm_required\"><\/span>\r\n    <\/label>\r\n    <textarea name=\"item_meta[10]\" id=\"field_g9wmj\" rows=\"5\"  placeholder=\"Skriv din melding her... *\" data-reqmsg=\"Dieses Feld darf nicht leer sein.\" aria-required=\"true\" data-invmsg=\"Melding is invalid\" aria-invalid=\"false\"  ><\/textarea>\r\n    \r\n    \r\n<\/div>\n<input type=\"hidden\" name=\"item_meta[11]\" id=\"field_jqg3j\" value=\"Transparenzgesetz\"  data-frmval=\"Transparenzgesetz\"   \/>\n<input type=\"hidden\" name=\"item_meta[12]\" id=\"field_x3iwb\" value=\"\/de\/wp-json\/wp\/v2\/pages\/384382\"  data-frmval=\"\/de\/wp-json\/wp\/v2\/pages\/384382\"   \/>\n<div id=\"frm_field_73_container\" class=\"frm_form_field form-field \">\n\t<div class=\"frm_submit\">\r\n\r\n<input type=\"submit\" value=\"Formular senden\"  class=\"frm_final_submit\" formnovalidate=\"formnovalidate\" \/>\r\n<img decoding=\"async\" class=\"frm_ajax_loading\" src=\"https:\/\/kvernelandenergi.no\/wp-content\/plugins\/formidable\/images\/ajax_loader.gif\" alt=\"Sending\"\/>\r\n\r\n<\/div>\n<\/div>\n\t<input type=\"hidden\" name=\"item_key\" value=\"\" \/>\n\t\t\t<div id=\"frm_field_75_container\">\n\t\t\t<label for=\"field_4jh58\" >\n\t\t\t\tFalls Du menschlich bist, lasse dieses Feld leer.\t\t\t<\/label>\n\t\t\t<input  id=\"field_4jh58\" type=\"text\" class=\"frm_form_field form-field frm_verify\" name=\"item_meta[75]\" value=\"\"  \/>\n\t\t<\/div>\n\t\t<input name=\"frm_state\" type=\"hidden\" value=\"SiO2vYQLE4+HVHJRkt\/UuJXLjOnzlPI+Hg4NDFDouYGPD+IweeQdNiiREvzbWvt1\" \/><\/div>\n<\/fieldset>\n<\/div>\n<script type=\"text\/javascript\">var input = document.createElement('input');\n    input.setAttribute('type', 'hidden');\n    input.setAttribute('name', 'ct_checkjs_frm');\n    input.setAttribute('value', '0d0d8eb5d75b426a332173d74c0c30310538757169ab9566805db515bb6f07ba');\n    for (i = 0; i < document.forms.length; i++) {\n        if (typeof document.forms[i].id == 'string'){\n\t\t\tif(document.forms[i].id.search('form_atxab') != -1) {\n            document.forms[i].appendChild(input);\n\t\t\t}\n        }\n    }<\/script>\n\n<\/form>\n<\/div>\n[\/et_pb_code][\/et_pb_column][\/et_pb_row][\/et_pb_section][et_pb_section fb_built=&#8220;1&#8243; _builder_version=&#8220;4.27.4&#8243; _module_preset=&#8220;default&#8220; use_background_color_gradient=&#8220;on&#8220; background_color_gradient_stops=&#8220;rgba(31,41,55,0.86) 0%|rgba(31,41,55,0.86) 100%&#8220; background_color_gradient_overlays_image=&#8220;on&#8220; background_image=&#8220;https:\/\/kvernelandenergi.no\/wp-content\/uploads\/K2A1859-scaled.jpg&#8220; parallax=&#8220;on&#8220; custom_padding=&#8220;30vh||30vh||true|false&#8220; hover_enabled=&#8220;0&#8243; global_colors_info=&#8220;{}&#8220; title_text=&#8220;_K2A1859&#8243; sticky_enabled=&#8220;0&#8243;][et_pb_row _builder_version=&#8220;4.23.1&#8243; _module_preset=&#8220;default&#8220; max_width=&#8220;1000px&#8220; scroll_fade_enable=&#8220;on&#8220; scroll_fade=&#8220;0|60|60|100|0|100|100&#8243; global_colors_info=&#8220;{}&#8220;][et_pb_column type=&#8220;4_4&#8243; _builder_version=&#8220;4.23.1&#8243; _module_preset=&#8220;default&#8220; global_colors_info=&#8220;{}&#8220;][et_pb_text _builder_version=&#8220;4.23.1&#8243; _module_preset=&#8220;_initial&#8220; header_text_align=&#8220;center&#8220; header_2_text_align=&#8220;center&#8220; header_2_text_color=&#8220;#FFCC00&#8243; global_colors_info=&#8220;{}&#8220;]<\/p>\n<h2>HSE und Qualit\u00e4t<\/h2>\n<p>[\/et_pb_text][et_pb_text _builder_version=&#8220;4.23.1&#8243; _module_preset=&#8220;default&#8220; text_text_color=&#8220;#FFFFFF&#8220; text_orientation=&#8220;center&#8220; max_width=&#8220;800px&#8220; module_alignment=&#8220;center&#8220; global_colors_info=&#8220;{}&#8220;]<\/p>\n<p>F\u00fcr uns bedeutet HSEQ und Qualit\u00e4t, ein gutes und sicheres Arbeitsumfeld f\u00fcr alle Mitarbeiter zu schaffen und sicherzustellen, dass die von uns gelieferten Systeme und Produkte sicher in der Anwendung sind.<\/p>\n<p>[\/et_pb_text][et_pb_button button_url=&#8220;@ET-DC@eyJkeW5hbWljIjp0cnVlLCJjb250ZW50IjoicG9zdF9saW5rX3VybF9wYWdlIiwic2V0dGluZ3MiOnsicG9zdF9pZCI6IjE3ODQiLCJlbmFibGVfaHRtbCI6Im9mZiJ9fQ==@&#8220; button_text=&#8220;Mehr erfahren&#8220; button_alignment=&#8220;center&#8220; _builder_version=&#8220;4.24.2&#8243; _dynamic_attributes=&#8220;button_url&#8220; _module_preset=&#8220;default&#8220; global_colors_info=&#8220;{}&#8220;][\/et_pb_button][\/et_pb_column][\/et_pb_row][\/et_pb_section]<\/p>\n","protected":false},"excerpt":{"rendered":"<p>Wir arbeiten kontinuierlich daran, grundlegende Menschenrechte und menschenw\u00fcrdige Arbeitsbedingungen in allen Bereichen des Unternehmens zu gew\u00e4hrleisten. <\/p>\n","protected":false},"author":1,"featured_media":384348,"parent":0,"menu_order":0,"comment_status":"closed","ping_status":"closed","template":"","meta":{"_acf_changed":false,"_et_pb_use_builder":"on","_et_pb_old_content":"","_et_gb_content_width":"","footnotes":""},"class_list":["post-384382","page","type-page","status-publish","has-post-thumbnail","hentry"],"acf":[],"_links":{"self":[{"href":"https:\/\/kvernelandenergi.no\/de\/wp-json\/wp\/v2\/pages\/384382","targetHints":{"allow":["GET"]}}],"collection":[{"href":"https:\/\/kvernelandenergi.no\/de\/wp-json\/wp\/v2\/pages"}],"about":[{"href":"https:\/\/kvernelandenergi.no\/de\/wp-json\/wp\/v2\/types\/page"}],"author":[{"embeddable":true,"href":"https:\/\/kvernelandenergi.no\/de\/wp-json\/wp\/v2\/users\/1"}],"replies":[{"embeddable":true,"href":"https:\/\/kvernelandenergi.no\/de\/wp-json\/wp\/v2\/comments?post=384382"}],"version-history":[{"count":0,"href":"https:\/\/kvernelandenergi.no\/de\/wp-json\/wp\/v2\/pages\/384382\/revisions"}],"wp:featuredmedia":[{"embeddable":true,"href":"https:\/\/kvernelandenergi.no\/de\/wp-json\/wp\/v2\/media\/384348"}],"wp:attachment":[{"href":"https:\/\/kvernelandenergi.no\/de\/wp-json\/wp\/v2\/media?parent=384382"}],"curies":[{"name":"wp","href":"https:\/\/api.w.org\/{rel}","templated":true}]}}