{"id":384346,"date":"2024-04-02T13:47:36","date_gmt":"2024-04-02T11:47:36","guid":{"rendered":"https:\/\/kvernelandenergi.no\/glossar\/"},"modified":"2026-02-04T15:55:18","modified_gmt":"2026-02-04T14:55:18","slug":"glossar","status":"publish","type":"page","link":"https:\/\/kvernelandenergi.no\/de\/glossar\/","title":{"rendered":"Glossar"},"content":{"rendered":"<p>[et_pb_section fb_built=&#8220;1&#8243; admin_label=&#8220;HERO&#8220; _builder_version=&#8220;4.27.4&#8243; _module_preset=&#8220;default&#8220; background_color=&#8220;#315869&#8243; custom_margin=&#8220;-130px||||false|false&#8220; custom_padding=&#8220;30px||0px||false|false&#8220; hover_enabled=&#8220;0&#8243; global_colors_info=&#8220;{}&#8220; sticky_enabled=&#8220;0&#8243;][et_pb_row make_equal=&#8220;on&#8220; _builder_version=&#8220;4.24.2&#8243; _module_preset=&#8220;default&#8220; max_width=&#8220;80%&#8220; custom_padding=&#8220;0vh||0px||false|false&#8220; hover_enabled=&#8220;0&#8243; global_colors_info=&#8220;{}&#8220; sticky_enabled=&#8220;0&#8243;][et_pb_column type=&#8220;4_4&#8243; _builder_version=&#8220;4.24.2&#8243; _module_preset=&#8220;default&#8220; custom_padding=&#8220;10vh|5%|120px||false|false&#8220; custom_padding_tablet=&#8220;||50px||false|false&#8220; custom_padding_phone=&#8220;||5vh||false|false&#8220; custom_padding_last_edited=&#8220;on|tablet&#8220; global_colors_info=&#8220;{}&#8220;][et_pb_text _builder_version=&#8220;4.27.4&#8243; _module_preset=&#8220;ad508cc4-1fb0-4b18-bc10-c96ef5aab779&#8243; hover_enabled=&#8220;0&#8243; global_colors_info=&#8220;{}&#8220; link_text_color__hover_enabled=&#8220;on|desktop&#8220; sticky_enabled=&#8220;0&#8243;]<\/p>\n<p><a href=\"\/\">Kverneland Energi<\/a> \/ <strong>Wissen<\/strong><\/p>\n<p>[\/et_pb_text][et_pb_text content_tablet=&#8220;<\/p>\n<h1>Mobile Schnellladung f\u00fcr elektrische Baumaschinen<\/h1>\n<p>&#8220; content_phone=&#8220;<\/p>\n<h1>Mobile Schnellladung f\u00fcr elektrische Baumaschinen<\/h1>\n<p>&#8220; content_last_edited=&#8220;off|desktop&#8220; _builder_version=&#8220;4.27.4&#8243; _module_preset=&#8220;4fa21ccd-d91c-4b65-8118-fb0036758eef&#8220; header_text_color=&#8220;#FFFFFF&#8220; header_font_size=&#8220;3.5vw&#8220; max_width=&#8220;1200px&#8220; hover_enabled=&#8220;0&#8243; header_font_size_phone=&#8220;40px&#8220; header_line_height_tablet=&#8220;&#8220; header_line_height_phone=&#8220;1.2em&#8220; header_line_height_last_edited=&#8220;on|phone&#8220; header_text_shadow_style=&#8220;none&#8220; global_colors_info=&#8220;{}&#8220; sticky_enabled=&#8220;0&#8243;]<\/p>\n<h1>Glossar<\/h1>\n<p>[\/et_pb_text][et_pb_text _builder_version=&#8220;4.27.4&#8243; _module_preset=&#8220;9d980eb5-e0c8-4ce7-8463-0a991af37b4a&#8220; animation_style=&#8220;fade&#8220; animation_delay=&#8220;200ms&#8220; hover_enabled=&#8220;0&#8243; global_colors_info=&#8220;{}&#8220; sticky_enabled=&#8220;0&#8243;]<\/p>\n<p>Energie, Leistung, Zyklus und kWh? Fragen Sie sich, was die Begriffe in unserer Branche bedeuten? <\/p>\n<p>[\/et_pb_text][et_pb_button button_url=&#8220;#id-1&#8243; button_text=&#8220;Mehr erfahren&#8220; _builder_version=&#8220;4.27.4&#8243; _module_preset=&#8220;default&#8220; button_text_color=&#8220;#315869&#8243; hover_enabled=&#8220;0&#8243; global_colors_info=&#8220;{}&#8220; button_bg_color__hover_enabled=&#8220;on|hover&#8220; button_bg_color__hover=&#8220;#2B6E6D&#8220; sticky_enabled=&#8220;0&#8243; button_text_color__hover=&#8220;#FFFFFF&#8220;][\/et_pb_button][\/et_pb_column][\/et_pb_row][\/et_pb_section][et_pb_section fb_built=&#8220;1&#8243; module_id=&#8220;id-1&#8243; _builder_version=&#8220;4.27.4&#8243; _module_preset=&#8220;_initial&#8220; background_color=&#8220;gcid-93ed757f-0d1d-4a41-a161-c8b1b196b1f7&#8243; background_image=&#8220;https:\/\/kvernelandenergi.no\/wp-content\/uploads\/\/symbol_gronn_gradert_10_10.svg&#8220; background_size=&#8220;custom&#8220; background_image_width=&#8220;30%&#8220; background_image_height=&#8220;75%&#8220; background_position=&#8220;top_right&#8220; background_horizontal_offset=&#8220;-14%&#8220; background_vertical_offset=&#8220;-93%&#8220; hover_enabled=&#8220;0&#8243; global_colors_info=&#8220;{%22gcid-93ed757f-0d1d-4a41-a161-c8b1b196b1f7%22:%91%22background_color%22%93}&#8220; sticky_enabled=&#8220;0&#8243;][et_pb_row column_structure=&#8220;1_2,1_2&#8243; _builder_version=&#8220;4.24.2&#8243; _module_preset=&#8220;default&#8220; global_colors_info=&#8220;{}&#8220;][et_pb_column type=&#8220;1_2&#8243; _builder_version=&#8220;4.24.2&#8243; _module_preset=&#8220;default&#8220; global_colors_info=&#8220;{}&#8220;][et_pb_accordion open_toggle_text_color=&#8220;#0C5D6F&#8220; open_toggle_background_color=&#8220;#FFFFFF&#8220; closed_toggle_text_color=&#8220;#315869&#8243; closed_toggle_background_color=&#8220;gcid-f08207dc-81fe-483d-8b83-802e8b3f5960&#8243; toggle_icon=&#8220;&#xf063;||fa||900&#8243; icon_color=&#8220;#0C5D6F&#8220; use_icon_font_size=&#8220;on&#8220; icon_font_size=&#8220;20px&#8220; _builder_version=&#8220;4.24.2&#8243; _module_preset=&#8220;_initial&#8220; toggle_text_color=&#8220;#315869&#8243; toggle_level=&#8220;h4&#8243; toggle_font=&#8220;|700|||||||&#8220; toggle_font_size=&#8220;22px&#8220; toggle_line_height=&#8220;32px&#8220; body_text_color=&#8220;#315869&#8243; body_font_size_tablet=&#8220;&#8220; body_font_size_phone=&#8220;18px&#8220; body_font_size_last_edited=&#8220;on|phone&#8220; border_color_all=&#8220;#D8D8D8&#8243; global_colors_info=&#8220;{%22gcid-f08207dc-81fe-483d-8b83-802e8b3f5960%22:%91%22closed_toggle_background_color%22%93}&#8220;][et_pb_accordion_item title=&#8220;Leistung (kW)&#8220; open=&#8220;on&#8220; _builder_version=&#8220;4.24.2&#8243; _module_preset=&#8220;default&#8220; custom_css_free_form=&#8220;h5 {color: #0c5d6f; font-size: 20px;}&#8220; border_radii=&#8220;on|10px|10px|10px|10px&#8220; global_colors_info=&#8220;{}&#8220;]<\/p>\n<p><span>Leistung von Solarzellen, Batteriepack oder Generator.<\/span><\/p>\n<p>[\/et_pb_accordion_item][et_pb_accordion_item title=&#8220;Energie (kWh)&#8220; _builder_version=&#8220;4.24.2&#8243; _module_preset=&#8220;default&#8220; border_radii=&#8220;on|10px|10px|10px|10px&#8220; global_colors_info=&#8220;{}&#8220; open=&#8220;off&#8220;]<\/p>\n<p>Energie [kWh] = Leistung [kW] * Zeit [h]<br \/>Beispiel: Wenn der Generator eine Stunde lang optimal mit einer Leistung von 128 kW l\u00e4uft, werden 128 kWh Energie erzeugt.<\/p>\n<p>[\/et_pb_accordion_item][et_pb_accordion_item title=&#8220;Installierte Leistung Solarzellen (kWp)&#8220; _builder_version=&#8220;4.24.2&#8243; _module_preset=&#8220;default&#8220; border_radii=&#8220;on|10px|10px|10px|10px&#8220; global_colors_info=&#8220;{}&#8220; open=&#8220;off&#8220;]<\/p>\n<p><em><strong>p = Peak<\/strong><\/em><\/p>\n<p><span>Wie viel Leistung die Solaranlage hat und unter guten Bedingungen liefern kann. Gute Bedingungen sind definiert durch STC (Standard Test Conditions). <\/span><\/p>\n<p>[\/et_pb_accordion_item][et_pb_accordion_item title=&#8220;Ertragsfaktor (kWh\/kWp)&#8220; _builder_version=&#8220;4.24.2&#8243; _module_preset=&#8220;default&#8220; border_radii=&#8220;on|10px|10px|10px|10px&#8220; global_colors_info=&#8220;{}&#8220; open=&#8220;off&#8220;]<\/p>\n<p><span>Energieproduktion im Verh\u00e4ltnis zur installierten kWp. In S\u00fcdnorwegen liegt dieser Wert zwischen 800 und 1000 kWh\/kWp. <\/span><\/p>\n<p>[\/et_pb_accordion_item][\/et_pb_accordion][\/et_pb_column][et_pb_column type=&#8220;1_2&#8243; _builder_version=&#8220;4.24.2&#8243; _module_preset=&#8220;default&#8220; global_colors_info=&#8220;{}&#8220;][et_pb_accordion open_toggle_text_color=&#8220;#0C5D6F&#8220; open_toggle_background_color=&#8220;#FFFFFF&#8220; closed_toggle_text_color=&#8220;#315869&#8243; closed_toggle_background_color=&#8220;gcid-f08207dc-81fe-483d-8b83-802e8b3f5960&#8243; toggle_icon=&#8220;&#xf063;||fa||900&#8243; icon_color=&#8220;#0C5D6F&#8220; use_icon_font_size=&#8220;on&#8220; icon_font_size=&#8220;20px&#8220; _builder_version=&#8220;4.24.2&#8243; _module_preset=&#8220;_initial&#8220; toggle_text_color=&#8220;#315869&#8243; toggle_level=&#8220;h4&#8243; toggle_font=&#8220;|700|||||||&#8220; toggle_font_size=&#8220;22px&#8220; toggle_line_height=&#8220;32px&#8220; body_text_color=&#8220;#315869&#8243; body_font_size_tablet=&#8220;&#8220; body_font_size_phone=&#8220;18px&#8220; body_font_size_last_edited=&#8220;on|phone&#8220; border_color_all=&#8220;#D8D8D8&#8243; global_colors_info=&#8220;{%22gcid-f08207dc-81fe-483d-8b83-802e8b3f5960%22:%91%22closed_toggle_background_color%22%93}&#8220;][et_pb_accordion_item title=&#8220;SoC %&#8220; open=&#8220;on&#8220; _builder_version=&#8220;4.24.2&#8243; _module_preset=&#8220;default&#8220; custom_css_free_form=&#8220;h5 {font-weight: 700;}&#8220; border_radii=&#8220;on|10px|10px|10px|10px&#8220; global_colors_info=&#8220;{}&#8220;]<\/p>\n<p><span>State of Charge. Wird in % des F\u00fcllstands der Batterie ausgedr\u00fcckt (wie voll die Batterie ist). Skala von 0-100 %.  <\/span><\/p>\n<p>[\/et_pb_accordion_item][et_pb_accordion_item title=&#8220;DoD (%)&#8220; _builder_version=&#8220;4.24.2&#8243; _module_preset=&#8220;default&#8220; border_radii=&#8220;on|10px|10px|10px|10px&#8220; global_colors_info=&#8220;{}&#8220; open=&#8220;off&#8220;]<\/p>\n<p><span>Depth of Discharge. F\u00fcr unsere Batterien betr\u00e4gt dieser Wert 100 %, was bedeutet, dass 100 % der angegebenen Batteriespeicherkapazit\u00e4t tats\u00e4chlich verf\u00fcgbar sind. Wenn der Batteriesatz eine Speicherkapazit\u00e4t von 173 kWh hat, stehen der Batterie tats\u00e4chlich 173 kWh zur Verf\u00fcgung.  <\/span><\/p>\n<p>[\/et_pb_accordion_item][et_pb_accordion_item title=&#8220;Zyklus&#8220; _builder_version=&#8220;4.24.2&#8243; _module_preset=&#8220;default&#8220; border_radii=&#8220;on|10px|10px|10px|10px&#8220; global_colors_info=&#8220;{}&#8220; open=&#8220;off&#8220;]<\/p>\n<p><span>Ein Zyklus ist eine Ladung von 0 % auf 100 % und eine Entladung zur\u00fcck auf 0 %.<\/span><\/p>\n<p>[\/et_pb_accordion_item][et_pb_accordion_item title=&#8220;SoH (%)&#8220; _builder_version=&#8220;4.24.2&#8243; _module_preset=&#8220;default&#8220; border_radii=&#8220;on|10px|10px|10px|10px&#8220; global_colors_info=&#8220;{}&#8220; open=&#8220;off&#8220;]<\/p>\n<p><span>State of Health. Der Zustand der Batterie heute im Vergleich zum Zustand der Batterie zum Zeitpunkt der Herstellung. Das hei\u00dft, der SoH betr\u00e4gt 100 %, wenn die Batterie installiert wird.  <\/span><\/p>\n<p>[\/et_pb_accordion_item][\/et_pb_accordion][\/et_pb_column][\/et_pb_row][\/et_pb_section]<\/p>\n","protected":false},"excerpt":{"rendered":"<p>Energie, Leistung, Zyklus und kWh? Fragen Sie sich, was die Begriffe in unserer Branche bedeuten?  Hier erhalten Sie eine Erkl\u00e4rung!<\/p>\n","protected":false},"author":1,"featured_media":384348,"parent":0,"menu_order":0,"comment_status":"closed","ping_status":"closed","template":"","meta":{"_acf_changed":false,"_et_pb_use_builder":"on","_et_pb_old_content":"","_et_gb_content_width":"","footnotes":""},"class_list":["post-384346","page","type-page","status-publish","has-post-thumbnail","hentry"],"acf":[],"_links":{"self":[{"href":"https:\/\/kvernelandenergi.no\/de\/wp-json\/wp\/v2\/pages\/384346","targetHints":{"allow":["GET"]}}],"collection":[{"href":"https:\/\/kvernelandenergi.no\/de\/wp-json\/wp\/v2\/pages"}],"about":[{"href":"https:\/\/kvernelandenergi.no\/de\/wp-json\/wp\/v2\/types\/page"}],"author":[{"embeddable":true,"href":"https:\/\/kvernelandenergi.no\/de\/wp-json\/wp\/v2\/users\/1"}],"replies":[{"embeddable":true,"href":"https:\/\/kvernelandenergi.no\/de\/wp-json\/wp\/v2\/comments?post=384346"}],"version-history":[{"count":0,"href":"https:\/\/kvernelandenergi.no\/de\/wp-json\/wp\/v2\/pages\/384346\/revisions"}],"wp:featuredmedia":[{"embeddable":true,"href":"https:\/\/kvernelandenergi.no\/de\/wp-json\/wp\/v2\/media\/384348"}],"wp:attachment":[{"href":"https:\/\/kvernelandenergi.no\/de\/wp-json\/wp\/v2\/media?parent=384346"}],"curies":[{"name":"wp","href":"https:\/\/api.w.org\/{rel}","templated":true}]}}