{"id":384250,"date":"2023-12-27T17:06:37","date_gmt":"2023-12-27T16:06:37","guid":{"rendered":"https:\/\/kvernelandenergi.no\/vorstand\/"},"modified":"2026-02-05T18:01:33","modified_gmt":"2026-02-05T17:01:33","slug":"vorstand","status":"publish","type":"page","link":"https:\/\/kvernelandenergi.no\/de\/ueber-uns\/vorstand\/","title":{"rendered":"Vorstand"},"content":{"rendered":"<p>[et_pb_section fb_built=&#8220;1&#8243; admin_label=&#8220;HERO&#8220; _builder_version=&#8220;4.27.4&#8243; _module_preset=&#8220;default&#8220; background_color=&#8220;#315869&#8243; custom_margin=&#8220;-130px||||false|false&#8220; custom_padding=&#8220;30px||0px||false|false&#8220; custom_padding_phone=&#8220;150px||50px||false|false&#8220; global_colors_info=&#8220;{}&#8220;][et_pb_row make_equal=&#8220;on&#8220; _builder_version=&#8220;4.24.2&#8243; _module_preset=&#8220;default&#8220; max_width=&#8220;80%&#8220; custom_padding=&#8220;0vh||0px||false|false&#8220; global_colors_info=&#8220;{}&#8220;][et_pb_column type=&#8220;4_4&#8243; _builder_version=&#8220;4.24.2&#8243; _module_preset=&#8220;default&#8220; custom_padding=&#8220;10vh|5%|120px||false|false&#8220; custom_padding_tablet=&#8220;||50px||false|false&#8220; custom_padding_phone=&#8220;||5vh||false|false&#8220; custom_padding_last_edited=&#8220;on|tablet&#8220; global_colors_info=&#8220;{}&#8220;][et_pb_text _builder_version=&#8220;4.27.4&#8243; _module_preset=&#8220;ad508cc4-1fb0-4b18-bc10-c96ef5aab779&#8243; text_text_color=&#8220;gcid-a105fd0a-71a2-4553-959c-5d86e07872d6&#8243; link_text_color=&#8220;gcid-a105fd0a-71a2-4553-959c-5d86e07872d6&#8243; global_colors_info=&#8220;{%22gcid-a105fd0a-71a2-4553-959c-5d86e07872d6%22:%91%22text_text_color%22,%22link_text_color%22%93,%22gcid-primary-color%22:%91%22link_text_color__hover%22%93}&#8220; link_text_color__hover=&#8220;#ffcc00&#8243;]<\/p>\n<p><a href=\"\/\">Kverneland Energi<\/a> \/ <strong>Vorstand<\/strong><\/p>\n<p>[\/et_pb_text][et_pb_text content_tablet=&#8220;<\/p>\n<h1>Mobile Schnellladung f\u00fcr elektrische Baumaschinen<\/h1>\n<p>&#8220; content_phone=&#8220;<\/p>\n<h1>Mobile Schnellladung f\u00fcr elektrische Baumaschinen<\/h1>\n<p>&#8220; content_last_edited=&#8220;off|desktop&#8220; _builder_version=&#8220;4.27.4&#8243; _module_preset=&#8220;4fa21ccd-d91c-4b65-8118-fb0036758eef&#8220; header_text_color=&#8220;#FFCC00&#8243; header_font_size=&#8220;3.5vw&#8220; max_width=&#8220;1200px&#8220; header_font_size_phone=&#8220;40px&#8220; header_line_height_tablet=&#8220;&#8220; header_line_height_phone=&#8220;1.2em&#8220; header_line_height_last_edited=&#8220;on|phone&#8220; header_text_shadow_style=&#8220;none&#8220; global_colors_info=&#8220;{}&#8220;]<\/p>\n<h1>Vorstand<\/h1>\n<p>[\/et_pb_text][et_pb_text _builder_version=&#8220;4.27.4&#8243; _module_preset=&#8220;9d980eb5-e0c8-4ce7-8463-0a991af37b4a&#8220; max_width=&#8220;800px&#8220; animation_style=&#8220;fade&#8220; animation_delay=&#8220;200ms&#8220; global_colors_info=&#8220;{}&#8220;]<\/p>\n<p>Unser Vorstand setzt sich aus Fachleuten mit umfassender Kompetenz und Erfahrung in den Bereichen Engineering, Technologie und Finanzen zusammen.<\/p>\n<p>[\/et_pb_text][et_pb_button button_url=&#8220;#id-1&#8243; button_text=&#8220;Mehr erfahren&#8220; _builder_version=&#8220;4.27.4&#8243; _module_preset=&#8220;default&#8220; button_text_color=&#8220;#315869&#8243; global_colors_info=&#8220;{}&#8220; button_bg_color__hover_enabled=&#8220;on|hover&#8220; button_bg_color__hover=&#8220;&#8220; button_text_color__hover=&#8220;#FFFFFF&#8220;][\/et_pb_button][\/et_pb_column][\/et_pb_row][\/et_pb_section][et_pb_section fb_built=&#8220;1&#8243; module_id=&#8220;id-1&#8243; _builder_version=&#8220;4.27.4&#8243; _module_preset=&#8220;_initial&#8220; background_color=&#8220;gcid-a105fd0a-71a2-4553-959c-5d86e07872d6&#8243; background_image=&#8220;https:\/\/kvernelandenergi.no\/wp-content\/uploads\/\/symbol_gronn_gradert_10_10.svg&#8220; background_size=&#8220;custom&#8220; background_image_width=&#8220;30%&#8220; background_image_height=&#8220;75%&#8220; background_position=&#8220;top_right&#8220; background_horizontal_offset=&#8220;-14%&#8220; background_vertical_offset=&#8220;-93%&#8220; global_colors_info=&#8220;{%22gcid-a105fd0a-71a2-4553-959c-5d86e07872d6%22:%91%22background_color%22%93}&#8220;][et_pb_row _builder_version=&#8220;4.24.2&#8243; _module_preset=&#8220;default&#8220; global_colors_info=&#8220;{}&#8220;][et_pb_column type=&#8220;4_4&#8243; _builder_version=&#8220;4.24.2&#8243; _module_preset=&#8220;default&#8220; global_colors_info=&#8220;{}&#8220;][et_pb_text _builder_version=&#8220;4.27.4&#8243; _module_preset=&#8220;default&#8220; header_2_text_color=&#8220;#315869&#8243; global_colors_info=&#8220;{}&#8220;]<\/p>\n<h2>Der Vorstand von Kverneland Energi<\/h2>\n<p>[\/et_pb_text][\/et_pb_column][\/et_pb_row][et_pb_row column_structure=&#8220;1_4,1_4,1_4,1_4&#8243; _builder_version=&#8220;4.23.1&#8243; _module_preset=&#8220;default&#8220; global_colors_info=&#8220;{}&#8220;][et_pb_column type=&#8220;1_4&#8243; _builder_version=&#8220;4.23.1&#8243; _module_preset=&#8220;default&#8220; global_colors_info=&#8220;{}&#8220;][et_pb_team_member name=&#8220;Hege Kverneland&#8220; position=&#8220;Vorstandsvorsitzende&#8220; image_url=&#8220;https:\/\/kvernelandenergi.no\/wp-content\/uploads\/01.-Hege-Kverneland.jpg&#8220; _builder_version=&#8220;4.27.4&#8243; _module_preset=&#8220;default&#8220; header_font=&#8220;||||||||&#8220; header_text_color=&#8220;#315869&#8243; header_font_size=&#8220;22px&#8220; body_font=&#8220;||||||||&#8220; body_text_color=&#8220;#315869&#8243; body_font_size=&#8220;18px&#8220; position_text_color=&#8220;gcid-5f0f3f22-1ba4-4cf0-9a3e-bcf7c6dd4ec6&#8243; position_font_size=&#8220;18px&#8220; body_link_text_color=&#8220;#c9c9c9&#8243; custom_css_member_image=&#8220;margin-bottom: 30px;&#8220; custom_css_member_position=&#8220;margin-bottom: 20px;&#8220; border_radii_image=&#8220;on|10px|10px|10px|10px&#8220; saved_tabs=&#8220;all&#8220; global_colors_info=&#8220;{%22gcid-93ed757f-0d1d-4a41-a161-c8b1b196b1f7%22:%91%22body_link_text_color%22%93,%22gcid-5f0f3f22-1ba4-4cf0-9a3e-bcf7c6dd4ec6%22:%91%22position_text_color%22%93}&#8220; body_link_text_color__hover_enabled=&#8220;on|desktop&#8220; body_link_text_color__hover=&#8220;#FFFFFF&#8220;]<\/p>\n<p><span data-contrast=\"auto\">Hege verf\u00fcgt \u00fcber 30 Jahre Erfahrung in den Bereichen Engineering und Produktentwicklung. Sie war zuvor Technologiechefin bei NOV und Mitglied der Gesch\u00e4ftsleitung in Houston, TX.  <\/span><\/p>\n<p><span data-contrast=\"auto\">Hege schloss 1990 ihr Maschinenbau-Studium an der NTH (heute NTNU) ab und nahm 2009 am renommierten \u201eGeneral Management Program\u201c der Harvard Business School teil.<\/span><span data-ccp-props=\"{\"134233117\":false,\"134233118\":false,\"201341983\":0,\"335551550\":1,\"335551620\":1,\"335559685\":0,\"335559737\":0,\"335559738\":0,\"335559739\":160,\"335559740\":259}\"> <\/span><\/p>\n<p><span data-contrast=\"auto\">Hege ist an mehreren Technologieunternehmen in Norwegen beteiligt und sitzt auch im Portfolioausschuss f\u00fcr Erd\u00f6l des Norwegischen Forschungsrats.<\/span><span data-ccp-props=\"{\"134233117\":false,\"134233118\":false,\"201341983\":0,\"335551550\":1,\"335551620\":1,\"335559685\":0,\"335559737\":0,\"335559738\":0,\"335559739\":160,\"335559740\":259}\"> <\/span><\/p>\n<p>[\/et_pb_team_member][\/et_pb_column][et_pb_column type=&#8220;1_4&#8243; _builder_version=&#8220;4.23.1&#8243; _module_preset=&#8220;default&#8220; global_colors_info=&#8220;{}&#8220;][et_pb_team_member name=&#8220;Aksel Kverneland&#8220; position=&#8220;Vorstandsmitglied&#8220; image_url=&#8220;https:\/\/kvernelandenergi.no\/wp-content\/uploads\/PNL6227-Rediger-2-1-scaled.jpg&#8220; _builder_version=&#8220;4.27.4&#8243; _module_preset=&#8220;default&#8220; header_font=&#8220;||||||||&#8220; header_text_color=&#8220;#315869&#8243; header_font_size=&#8220;22px&#8220; body_font=&#8220;||||||||&#8220; body_text_color=&#8220;#315869&#8243; body_font_size=&#8220;18px&#8220; position_text_color=&#8220;gcid-5f0f3f22-1ba4-4cf0-9a3e-bcf7c6dd4ec6&#8243; position_font_size=&#8220;18px&#8220; body_link_text_color=&#8220;#c9c9c9&#8243; hover_enabled=&#8220;0&#8243; custom_css_member_image=&#8220;margin-bottom: 30px;&#8220; custom_css_member_position=&#8220;margin-bottom: 20px;&#8220; border_radii_image=&#8220;off|10px|10px||&#8220; saved_tabs=&#8220;all&#8220; global_colors_info=&#8220;{%22gcid-93ed757f-0d1d-4a41-a161-c8b1b196b1f7%22:%91%22body_link_text_color%22,%22position_text_color%22,%22body_link_text_color%22%93,%22gcid-5f0f3f22-1ba4-4cf0-9a3e-bcf7c6dd4ec6%22:%91%22position_text_color%22%93}&#8220; body_link_text_color__hover_enabled=&#8220;on|desktop&#8220; body_link_text_color__hover=&#8220;#FFFFFF&#8220; title_text=&#8220;_PNL6227-Rediger-2&#8243; sticky_enabled=&#8220;0&#8243;]<\/p>\n<p>Aksel ist Eigent\u00fcmer und Gesch\u00e4ftsf\u00fchrer von Kverneland Energi. Er gr\u00fcndete das Unternehmen 2017 zusammen mit seinem Sohn Jonas Kverneland. <\/p>\n<p>Er verf\u00fcgt \u00fcber 15 Jahre Erfahrung als Unternehmensberater \/ Interimsmanager in verschiedenen Industrieunternehmen national und international.<\/p>\n<p>Er hat auch fr\u00fchere Erfahrungen bei der AKVA Group und der Kverneland Group gesammelt. Er ist Diplom-Ingenieur der RWTH Aachen Universit\u00e4t in Deutschland. <\/p>\n<p>[\/et_pb_team_member][\/et_pb_column][et_pb_column type=&#8220;1_4&#8243; _builder_version=&#8220;4.23.1&#8243; _module_preset=&#8220;default&#8220; global_colors_info=&#8220;{}&#8220;][et_pb_team_member name=&#8220;Gudleik Nj\u00e5&#8220; position=&#8220;Vorstandsmitglied&#8220; image_url=&#8220;https:\/\/kvernelandenergi.no\/wp-content\/uploads\/03-Gudleik-Njaa-2.jpg&#8220; _builder_version=&#8220;4.24.2&#8243; _module_preset=&#8220;default&#8220; header_font=&#8220;||||||||&#8220; header_text_color=&#8220;#315869&#8243; header_font_size=&#8220;22px&#8220; body_font=&#8220;||||||||&#8220; body_text_color=&#8220;#315869&#8243; body_font_size=&#8220;18px&#8220; position_text_color=&#8220;gcid-5f0f3f22-1ba4-4cf0-9a3e-bcf7c6dd4ec6&#8243; position_font_size=&#8220;18px&#8220; body_link_text_color=&#8220;#c9c9c9&#8243; custom_css_member_image=&#8220;margin-bottom: 30px;&#8220; custom_css_member_position=&#8220;margin-bottom: 20px;&#8220; border_radii_image=&#8220;off|10px|10px||&#8220; saved_tabs=&#8220;all&#8220; global_colors_info=&#8220;{%22gcid-93ed757f-0d1d-4a41-a161-c8b1b196b1f7%22:%91%22body_link_text_color%22,%22position_text_color%22,%22body_link_text_color%22%93,%22gcid-5f0f3f22-1ba4-4cf0-9a3e-bcf7c6dd4ec6%22:%91%22position_text_color%22%93}&#8220; body_link_text_color__hover_enabled=&#8220;on|desktop&#8220; body_link_text_color__hover=&#8220;#FFFFFF&#8220;]<\/p>\n<p>Gudleik ist CEO von Laerdal AS, der Holdinggesellschaft des Laerdal-Konzerns. Er verf\u00fcgt \u00fcber umfassende Finanzerfahrung von der Deutschen Bank und Citibank sowie von Grieg Investor, das er ebenfalls mehrere Jahre lang leitete. <\/p>\n<p>Er ist Diplom-Kaufmann der Georg-August-Universit\u00e4t G\u00f6ttingen.<\/p>\n<p>[\/et_pb_team_member][\/et_pb_column][et_pb_column type=&#8220;1_4&#8243; _builder_version=&#8220;4.23.1&#8243; _module_preset=&#8220;default&#8220; global_colors_info=&#8220;{}&#8220;][et_pb_team_member name=&#8220;Jonas Kverneland&#8220; position=&#8220;Vorstandsmitglied&#8220; image_url=&#8220;https:\/\/kvernelandenergi.no\/wp-content\/uploads\/PNL6919-Rediger-Rediger-scaled.jpg&#8220; _builder_version=&#8220;4.27.4&#8243; _module_preset=&#8220;default&#8220; header_font=&#8220;||||||||&#8220; header_text_color=&#8220;#315869&#8243; header_font_size=&#8220;22px&#8220; body_font=&#8220;||||||||&#8220; body_text_color=&#8220;#315869&#8243; body_font_size=&#8220;18px&#8220; position_text_color=&#8220;gcid-5f0f3f22-1ba4-4cf0-9a3e-bcf7c6dd4ec6&#8243; position_font_size=&#8220;18px&#8220; body_link_text_color=&#8220;#c9c9c9&#8243; hover_enabled=&#8220;0&#8243; custom_css_member_image=&#8220;margin-bottom: 30px;&#8220; custom_css_member_position=&#8220;margin-bottom: 20px;&#8220; border_radii_image=&#8220;off|10px|10px||&#8220; saved_tabs=&#8220;all&#8220; global_colors_info=&#8220;{%22gcid-93ed757f-0d1d-4a41-a161-c8b1b196b1f7%22:%91%22body_link_text_color%22,%22position_text_color%22,%22body_link_text_color%22%93,%22gcid-5f0f3f22-1ba4-4cf0-9a3e-bcf7c6dd4ec6%22:%91%22position_text_color%22%93}&#8220; body_link_text_color__hover_enabled=&#8220;on|desktop&#8220; body_link_text_color__hover=&#8220;#FFFFFF&#8220; title_text=&#8220;_PNL6919-Rediger-Rediger&#8220; sticky_enabled=&#8220;0&#8243;]<\/p>\n<p>Jonas ist CTO und Elektroinstallateur bei Kverneland Energi.<\/p>\n<p>Er war 2017 zusammen mit Aksel Kverneland Mitbegr\u00fcnder des Unternehmens. Seit der Gr\u00fcndung des Unternehmens ist er als technischer Leiter t\u00e4tig, wo er auch f\u00fcr das gesamte Engineering und die Produktentwicklung verantwortlich war. <\/p>\n<p>Er ist Diplom-Ingenieur f\u00fcr erneuerbare Energien der Universit\u00e4t Agder.<\/p>\n<p>[\/et_pb_team_member][\/et_pb_column][\/et_pb_row][et_pb_row column_structure=&#8220;1_4,1_4,1_4,1_4&#8243; _builder_version=&#8220;4.27.4&#8243; _module_preset=&#8220;default&#8220; global_colors_info=&#8220;{}&#8220;][et_pb_column type=&#8220;1_4&#8243; _builder_version=&#8220;4.23.1&#8243; _module_preset=&#8220;default&#8220; global_colors_info=&#8220;{}&#8220;][et_pb_team_member name=&#8220;Elisabeth Nyg\u00e5rd&#8220; position=&#8220;Vorstandsmitglied&#8220; image_url=&#8220;https:\/\/kvernelandenergi.no\/wp-content\/uploads\/Elisabeth_Nygard-scaled.jpg&#8220; _builder_version=&#8220;4.27.4&#8243; _module_preset=&#8220;default&#8220; header_font=&#8220;||||||||&#8220; header_text_color=&#8220;#315869&#8243; header_font_size=&#8220;22px&#8220; body_font=&#8220;||||||||&#8220; body_text_color=&#8220;#315869&#8243; body_font_size=&#8220;18px&#8220; position_text_color=&#8220;gcid-5f0f3f22-1ba4-4cf0-9a3e-bcf7c6dd4ec6&#8243; position_font_size=&#8220;18px&#8220; body_link_text_color=&#8220;#c9c9c9&#8243; custom_css_member_image=&#8220;margin-bottom: 30px;&#8220; custom_css_member_position=&#8220;margin-bottom: 20px;&#8220; border_radii_image=&#8220;off|10px|10px||&#8220; saved_tabs=&#8220;all&#8220; global_colors_info=&#8220;{%22gcid-93ed757f-0d1d-4a41-a161-c8b1b196b1f7%22:%91%22body_link_text_color%22,%22position_text_color%22,%22body_link_text_color%22%93,%22gcid-5f0f3f22-1ba4-4cf0-9a3e-bcf7c6dd4ec6%22:%91%22position_text_color%22%93}&#8220; body_link_text_color__hover_enabled=&#8220;on|desktop&#8220; body_link_text_color__hover=&#8220;#FFFFFF&#8220;]<\/p>\n<p>Elisabeth Nyg\u00e5rd ist Rechtsanw\u00e4ltin und Partnerin bei Haver Advokatfirma. Sie verf\u00fcgt \u00fcber mehr als 15 Jahre Spezialisierung im Bereich Immobilien und Entwicklungsprojekte. <\/p>\n<p>Sie ist auch Kooperationsanw\u00e4ltin f\u00fcr Norges Bondelag und Mitglied des Rechtsausschusses der Anwaltskammer f\u00fcr Baurecht und Planungsfragen.<\/p>\n<p>Elisabeth ist Cand. Jur. mit Spezialisierung auf Odelsrecht von der Universit\u00e4t Bergen.  <\/p>\n<p>[\/et_pb_team_member][\/et_pb_column][et_pb_column type=&#8220;1_4&#8243; _builder_version=&#8220;4.23.1&#8243; _module_preset=&#8220;default&#8220; global_colors_info=&#8220;{}&#8220;][\/et_pb_column][et_pb_column type=&#8220;1_4&#8243; _builder_version=&#8220;4.23.1&#8243; _module_preset=&#8220;default&#8220; global_colors_info=&#8220;{}&#8220;][\/et_pb_column][et_pb_column type=&#8220;1_4&#8243; _builder_version=&#8220;4.23.1&#8243; _module_preset=&#8220;default&#8220; global_colors_info=&#8220;{}&#8220;][\/et_pb_column][\/et_pb_row][\/et_pb_section]<\/p>\n","protected":false},"excerpt":{"rendered":"<p>Unser Vorstand setzt sich aus Fachleuten mit umfassender Kompetenz und Erfahrung in den Bereichen Engineering, Technologie und Finanzen zusammen.<\/p>\n","protected":false},"author":1,"featured_media":384251,"parent":384582,"menu_order":0,"comment_status":"closed","ping_status":"closed","template":"","meta":{"_acf_changed":false,"_et_pb_use_builder":"on","_et_pb_old_content":"","_et_gb_content_width":"","footnotes":""},"class_list":["post-384250","page","type-page","status-publish","has-post-thumbnail","hentry"],"acf":[],"_links":{"self":[{"href":"https:\/\/kvernelandenergi.no\/de\/wp-json\/wp\/v2\/pages\/384250","targetHints":{"allow":["GET"]}}],"collection":[{"href":"https:\/\/kvernelandenergi.no\/de\/wp-json\/wp\/v2\/pages"}],"about":[{"href":"https:\/\/kvernelandenergi.no\/de\/wp-json\/wp\/v2\/types\/page"}],"author":[{"embeddable":true,"href":"https:\/\/kvernelandenergi.no\/de\/wp-json\/wp\/v2\/users\/1"}],"replies":[{"embeddable":true,"href":"https:\/\/kvernelandenergi.no\/de\/wp-json\/wp\/v2\/comments?post=384250"}],"version-history":[{"count":0,"href":"https:\/\/kvernelandenergi.no\/de\/wp-json\/wp\/v2\/pages\/384250\/revisions"}],"up":[{"embeddable":true,"href":"https:\/\/kvernelandenergi.no\/de\/wp-json\/wp\/v2\/pages\/384582"}],"wp:featuredmedia":[{"embeddable":true,"href":"https:\/\/kvernelandenergi.no\/de\/wp-json\/wp\/v2\/media\/384251"}],"wp:attachment":[{"href":"https:\/\/kvernelandenergi.no\/de\/wp-json\/wp\/v2\/media?parent=384250"}],"curies":[{"name":"wp","href":"https:\/\/api.w.org\/{rel}","templated":true}]}}